{"id":116,"date":"2023-12-23T16:17:08","date_gmt":"2023-12-23T16:17:08","guid":{"rendered":"https:\/\/suphaircoiff.fr\/?page_id=116"},"modified":"2024-02-20T14:16:49","modified_gmt":"2024-02-20T14:16:49","slug":"home","status":"publish","type":"page","link":"https:\/\/suphaircoiff.fr\/","title":{"rendered":"Home"},"content":{"rendered":"<style>\/*! elementor - v3.18.0 - 08-12-2023 *\/\n.elementor-widget-image{text-align:center}.elementor-widget-image a{display:inline-block}.elementor-widget-image a img[src$=\".svg\"]{width:48px}.elementor-widget-image img{vertical-align:middle;display:inline-block}<\/style>\n<p>\t\t\t\t\t\t\t\t\t\t\t\t<img loading=\"lazy\" decoding=\"async\" width=\"800\" height=\"534\" src=\"https:\/\/suphaircoiff.fr\/wp-content\/uploads\/2023\/12\/services-coiffure.jpg\" alt=\"\" srcset=\"https:\/\/suphaircoiff.fr\/wp-content\/uploads\/2023\/12\/services-coiffure.jpg 800w, https:\/\/suphaircoiff.fr\/wp-content\/uploads\/2023\/12\/services-coiffure-300x200.jpg 300w, https:\/\/suphaircoiff.fr\/wp-content\/uploads\/2023\/12\/services-coiffure-768x513.jpg 768w\" sizes=\"(max-width: 800px) 100vw, 800px\" \/>\t\t\t\t\t\t\t\t\t\t\t\t\t\t\t<\/p>\n<style>\/*! elementor - v3.18.0 - 08-12-2023 *\/\n.elementor-heading-title{padding:0;margin:0;line-height:1}.elementor-widget-heading .elementor-heading-title[class*=elementor-size-]>a{color:inherit;font-size:inherit;line-height:inherit}.elementor-widget-heading .elementor-heading-title.elementor-size-small{font-size:15px}.elementor-widget-heading .elementor-heading-title.elementor-size-medium{font-size:19px}.elementor-widget-heading .elementor-heading-title.elementor-size-large{font-size:29px}.elementor-widget-heading .elementor-heading-title.elementor-size-xl{font-size:39px}.elementor-widget-heading .elementor-heading-title.elementor-size-xxl{font-size:59px}<\/style>\n<h1>\u00a0Nos services pour tous<\/h1>\n<p>\t\t\t\t\t\t\t\t\t\t\t\t\t\t\t<img loading=\"lazy\" decoding=\"async\" width=\"1000\" height=\"718\" src=\"https:\/\/suphaircoiff.fr\/wp-content\/uploads\/2023\/12\/services-balayage.jpg\" alt=\"\" srcset=\"https:\/\/suphaircoiff.fr\/wp-content\/uploads\/2023\/12\/services-balayage.jpg 1000w, https:\/\/suphaircoiff.fr\/wp-content\/uploads\/2023\/12\/services-balayage-300x215.jpg 300w, https:\/\/suphaircoiff.fr\/wp-content\/uploads\/2023\/12\/services-balayage-768x551.jpg 768w\" sizes=\"(max-width: 1000px) 100vw, 1000px\" \/><br \/>\n\t\t\t\t\t\t\t\t\t\t\t\t\t\t\t<img loading=\"lazy\" decoding=\"async\" width=\"434\" height=\"434\" src=\"https:\/\/suphaircoiff.fr\/wp-content\/uploads\/2024\/01\/p1.jpg\" alt=\"\" srcset=\"https:\/\/suphaircoiff.fr\/wp-content\/uploads\/2024\/01\/p1.jpg 434w, https:\/\/suphaircoiff.fr\/wp-content\/uploads\/2024\/01\/p1-300x300.jpg 300w, https:\/\/suphaircoiff.fr\/wp-content\/uploads\/2024\/01\/p1-150x150.jpg 150w\" sizes=\"(max-width: 434px) 100vw, 434px\" \/><br \/>\n\t\t\t\t\t\t\t\t\t\t\t\t\t\t\t<img loading=\"lazy\" decoding=\"async\" width=\"612\" height=\"408\" src=\"https:\/\/suphaircoiff.fr\/wp-content\/uploads\/2024\/01\/WhatsApp-Image-2024-01-25-at-5.33.39-PM.jpeg\" alt=\"\" srcset=\"https:\/\/suphaircoiff.fr\/wp-content\/uploads\/2024\/01\/WhatsApp-Image-2024-01-25-at-5.33.39-PM.jpeg 612w, https:\/\/suphaircoiff.fr\/wp-content\/uploads\/2024\/01\/WhatsApp-Image-2024-01-25-at-5.33.39-PM-300x200.jpeg 300w\" sizes=\"(max-width: 612px) 100vw, 612px\" \/><br \/>\n\t\t\t\t\t\t\t\t\t\t\t\t\t\t\t<img loading=\"lazy\" decoding=\"async\" width=\"530\" height=\"640\" src=\"https:\/\/suphaircoiff.fr\/wp-content\/uploads\/2024\/01\/WhatsApp-Image-2024-01-22-at-7.23.58-PM.jpeg\" alt=\"\" srcset=\"https:\/\/suphaircoiff.fr\/wp-content\/uploads\/2024\/01\/WhatsApp-Image-2024-01-22-at-7.23.58-PM.jpeg 530w, https:\/\/suphaircoiff.fr\/wp-content\/uploads\/2024\/01\/WhatsApp-Image-2024-01-22-at-7.23.58-PM-248x300.jpeg 248w\" sizes=\"(max-width: 530px) 100vw, 530px\" \/>\t\t\t\t\t\t\t\t\t\t\t\t\t\t\t<\/p>\n<h2>Barbershop en Guadeloupe<\/h2>\n<p>Nous entretenons tous types de barbe, moustache, tous types de cheveux pour vous apporter la meilleure satisfaction possible.<\/p>\n<p>Nous sommes \u00e0 l\u2019\u00e9coute de votre besoin pour refl\u00e9ter parfaitement votre id\u00e9e dans la r\u00e9alit\u00e9.<\/p>\n<h2>Coupe de cheveux en Guadeloupe<\/h2>\n<p>Obtenir une bonne coupe de cheveux peut pr\u00e9senter de nombreux avantages, notamment\u00a0:<\/p>\n<p>Am\u00e9liorer l\u2019apparence : Une belle coupe de cheveux peut vous donner plus de confiance et am\u00e9liorer votre estime de soi. Lorsque vous vous sentez bien dans votre apparence, cela peut se refl\u00e9ter dans votre attitude et votre comportement, vous donnant une \u00e9nergie positive. Si votre style actuel ne vous pla\u00eet plus, prenez le temps de vous chouchouter pour trouver une coiffure.<\/p>\n<p>\t\t\t\t\t\t\t\t\t\t\t\t\t\t\t<img loading=\"lazy\" decoding=\"async\" width=\"1016\" height=\"678\" src=\"https:\/\/suphaircoiff.fr\/wp-content\/uploads\/2024\/01\/adam-winger-FkAZqQJTbXM-unsplash.jpg\" alt=\"\" srcset=\"https:\/\/suphaircoiff.fr\/wp-content\/uploads\/2024\/01\/adam-winger-FkAZqQJTbXM-unsplash.jpg 1016w, https:\/\/suphaircoiff.fr\/wp-content\/uploads\/2024\/01\/adam-winger-FkAZqQJTbXM-unsplash-300x200.jpg 300w, https:\/\/suphaircoiff.fr\/wp-content\/uploads\/2024\/01\/adam-winger-FkAZqQJTbXM-unsplash-768x513.jpg 768w\" sizes=\"(max-width: 1016px) 100vw, 1016px\" \/><br \/>\n\t\t\t\t\t\t\t\t\t\t\t\t\t\t\t<img loading=\"lazy\" decoding=\"async\" width=\"1024\" height=\"719\" src=\"https:\/\/suphaircoiff.fr\/wp-content\/uploads\/2023\/12\/a7ddbad5468de20162a460af3c155026-1024x719.jpg\" alt=\"\" srcset=\"https:\/\/suphaircoiff.fr\/wp-content\/uploads\/2023\/12\/a7ddbad5468de20162a460af3c155026-1024x719.jpg 1024w, https:\/\/suphaircoiff.fr\/wp-content\/uploads\/2023\/12\/a7ddbad5468de20162a460af3c155026-300x211.jpg 300w, https:\/\/suphaircoiff.fr\/wp-content\/uploads\/2023\/12\/a7ddbad5468de20162a460af3c155026-768x540.jpg 768w, https:\/\/suphaircoiff.fr\/wp-content\/uploads\/2023\/12\/a7ddbad5468de20162a460af3c155026.jpg 1170w\" sizes=\"(max-width: 1024px) 100vw, 1024px\" \/>\t\t\t\t\t\t\t\t\t\t\t\t\t\t\t<\/p>\n<h2>Lissage br\u00e9silien en Guadeloupe<\/h2>\n<p>Le lissage br\u00e9silien est une technique de traitement capillaire qui vise \u00e0 lisser et adoucir les cheveux naturels ou color\u00e9s gr\u00e2ce \u00e0 une solution \u00e0 base de k\u00e9ratine. Cette technique est tr\u00e8s appr\u00e9ci\u00e9e car elle permet de rendre les cheveux plus lisses et plus faciles \u00e0 coiffer, plus doux et plus brillants, avec un effet soyeux, tout en r\u00e9duisant les frisottis et en facilitant le coiffage. C\u2019est l\u2019un des secrets pour sublimer vos cheveux.<\/p>\n<p>\t\t\t\t\t\t\t\t\t\t\t\t\t\t\t<img loading=\"lazy\" decoding=\"async\" width=\"1000\" height=\"718\" src=\"https:\/\/suphaircoiff.fr\/wp-content\/uploads\/2023\/12\/services-balayage.jpg\" alt=\"\" srcset=\"https:\/\/suphaircoiff.fr\/wp-content\/uploads\/2023\/12\/services-balayage.jpg 1000w, https:\/\/suphaircoiff.fr\/wp-content\/uploads\/2023\/12\/services-balayage-300x215.jpg 300w, https:\/\/suphaircoiff.fr\/wp-content\/uploads\/2023\/12\/services-balayage-768x551.jpg 768w\" sizes=\"(max-width: 1000px) 100vw, 1000px\" \/>\t\t\t\t\t\t\t\t\t\t\t\t\t\t\t<\/p>\n<h2>Balayage et m\u00e8ches en Guadeloupe <\/h2>\n<p>Vous en avez assez d\u2019avoir des cheveux cr\u00e9pus et indisciplin\u00e9s, surtout dans les conditions humides de Guadeloupe ?<\/p>\n<p>Ne cherchez plus ! Il existe une technique de soins capillaires qui gagne en popularit\u00e9 dans la ville : le balayage et le m\u00e9chage des cheveux. Dites adieu aux frisottis et bonjour aux cheveux soyeux et lisses.<\/p>\n<p>Sup\u2019hair Coiff en Guadeloupe, salon de coiffure expert en balayage et m\u00e8che.\u00a0<\/p>\n<p>Le balayage et les m\u00e8ches peuvent apporter une nouvelle dimension \u00e0 votre look capillaire, mais assurez-vous de bien prendre soin de vos cheveux pour maintenir leur sant\u00e9 et leur \u00e9clat.<\/p>\n<p>Consultez toujours un professionnel comme Sup\u2019hair Coiff, pour obtenir les meilleurs r\u00e9sultats et profitez du processus cr\u00e9atif de transformation de votre chevelure.<\/p>\n<h1>Sup\u2019hair Coiff Guadeloupe :<br \/>\ndes professionnels passionn\u00e9s \u00e0 votre service<\/h1>\n<p>Le salon de coiffure Sup\u2019hair Coiff en Guadeloupe est une destination beaut\u00e9 compl\u00e8te. Utilisant des produits de haute qualit\u00e9, les services propos\u00e9s sont con\u00e7us pour r\u00e9pondre \u00e0 tous vos besoins. Notre personnel est hautement qualifi\u00e9 dans les techniques de coupe, de coiffage et de coloration, et sait donc comment travailler avec tous les types de cheveux. Nous pensons que chaque personne m\u00e9rite de se sentir bien dans sa peau et nous sommes l\u00e0 pour vous aider \u00e0 y parvenir. Chez Sup\u2019hair Coiff, vous \u00eates la star ! Nos stylistes talentueux s&#8217;engagent \u00e0 vous fournir un service de la plus haute qualit\u00e9, quels que soient vos besoins individuels. Notre objectif est de nous assurer que votre exp\u00e9rience soit parfaite.<\/p>\n<p>\t\t\t\t\t\t\t\t\t\t\t\t\t\t\t<img loading=\"lazy\" decoding=\"async\" width=\"1024\" height=\"768\" src=\"https:\/\/suphaircoiff.fr\/wp-content\/uploads\/2024\/02\/wewe-1024x768.jpg\" alt=\"\" srcset=\"https:\/\/suphaircoiff.fr\/wp-content\/uploads\/2024\/02\/wewe-1024x768.jpg 1024w, https:\/\/suphaircoiff.fr\/wp-content\/uploads\/2024\/02\/wewe-300x225.jpg 300w, https:\/\/suphaircoiff.fr\/wp-content\/uploads\/2024\/02\/wewe-768x576.jpg 768w, https:\/\/suphaircoiff.fr\/wp-content\/uploads\/2024\/02\/wewe.jpg 1386w\" sizes=\"(max-width: 1024px) 100vw, 1024px\" \/>\t\t\t\t\t\t\t\t\t\t\t\t\t\t\t<\/p>\n<h2>Un salon spacieux et cosy<\/h2>\n<p>Notre \u00e9quipe s&#8217;engage \u00e0 vous offrir une exp\u00e9rience personnalis\u00e9e qui r\u00e9pond \u00e0 tous vos besoins et pr\u00e9f\u00e9rences. Vous \u00eates accueillis dans un espace spacieux au design contemporain et \u00e9l\u00e9gant, \u00e9quip\u00e9 des derni\u00e8res technologies en mati\u00e8re de soins capillaires.<\/p>\n<h2>Comp\u00e9tence<\/h2>\n<p>Nous offrons une vari\u00e9t\u00e9 de services, tant pour les femmes que pour les hommes. Coupes, couleurs, extensions,\u00a0 n&#8217;ont plus de secrets pour nos stylistes qui ma\u00eetrisent les derni\u00e8res tendances et techniques.<\/p>\n<p>Sup\u2019hair Coiff dispose de collaborateurs sp\u00e9cialement form\u00e9s \u00e0 des sp\u00e9cialit\u00e9s tr\u00e8s pointues qui n\u00e9cessitent un grand savoir-faire.<\/p>\n<p>Parmi celles-ci, la cr\u00e9ation de coiffures personnalis\u00e9es pour une c\u00e9r\u00e9monie de mariage fait partie de nos sp\u00e9cialit\u00e9s.<\/p>\n<p>\t\t\t\t\t\t\t\t\t\t\t\t\t\t\t<img loading=\"lazy\" decoding=\"async\" width=\"320\" height=\"300\" src=\"https:\/\/suphaircoiff.fr\/wp-content\/uploads\/2023\/12\/New-Project-18.jpg\" alt=\"\" srcset=\"https:\/\/suphaircoiff.fr\/wp-content\/uploads\/2023\/12\/New-Project-18.jpg 320w, https:\/\/suphaircoiff.fr\/wp-content\/uploads\/2023\/12\/New-Project-18-300x281.jpg 300w\" sizes=\"(max-width: 320px) 100vw, 320px\" \/>\t\t\t\t\t\t\t\t\t\t\t\t\t\t\t<\/p>\n<h2>Des produits<\/h2>\n<p>Tous les produits que nous utilisons sont de haute qualit\u00e9 et rigoureusement s\u00e9lectionn\u00e9s.<\/p>\n<p>Apr\u00e8s de nombreuses ann\u00e9es d&#8217;essais et de comparaisons de diff\u00e9rents produits, notre choix s&#8217;est port\u00e9 sur La K\u00e9rastase, L\u2019Or\u00e9al et Mizani&nbsp;.<\/p>\n<p>Cette gamme innovante est con\u00e7ue pour optimiser la sant\u00e9 des cheveux et du cuir chevelu. Les produits r\u00e9pondent \u00e0 un large \u00e9ventail de probl\u00e8mes capillaires : pellicules, irritations, cheveux ternes, ab\u00eem\u00e9s, chute de cheveux.<\/p>\n<h2>SOINS PROPOS\u00c9S <\/h2>\n<p>Nous vous proposons des soins \u00ab\u00a0kerastase\u00a0\u00bb sur mesure pour tous types de cheveux.<\/p>\n<p>Nous vous proposons aussi la game L\u2019Oreal afin de permettre :<\/p>\n<ul>\n<li>L\u2019hydration<\/li>\n<li>La r\u00e9paration<\/li>\n<li>La force<\/li>\n<li>\u2060La brillance<\/li>\n<li>L\u2019apaisement<\/li>\n<\/ul>\n<p>De vos cheveux.<\/p>\n<p>Nous vous proposons aussi les soins Mizani pour vos cheveux naturels :<\/p>\n<ul>\n<li>Boucl\u00e9s<\/li>\n<li>Fris\u00e9s<\/li>\n<li>Cr\u00e9pus<\/li>\n<li>D\u00e9fris\u00e9s<\/li>\n<li>\u2060En transition<\/li>\n<li>\u2060Ou m\u00eame pr\u00e9sentant des probl\u00e8mes de cuir chevelu)<\/li>\n<\/ul>\n<p>\t\t\t\t\t\t\t\t\t\t\t\t\t\t\t<img loading=\"lazy\" decoding=\"async\" width=\"768\" height=\"1024\" src=\"https:\/\/suphaircoiff.fr\/wp-content\/uploads\/2024\/02\/aqw-1-768x1024.jpg\" alt=\"\" srcset=\"https:\/\/suphaircoiff.fr\/wp-content\/uploads\/2024\/02\/aqw-1-768x1024.jpg 768w, https:\/\/suphaircoiff.fr\/wp-content\/uploads\/2024\/02\/aqw-1-225x300.jpg 225w, https:\/\/suphaircoiff.fr\/wp-content\/uploads\/2024\/02\/aqw-1-rotated.jpg 950w\" sizes=\"(max-width: 768px) 100vw, 768px\" \/>\t\t\t\t\t\t\t\t\t\t\t\t\t\t\t<\/p>\n<h2>Sup\u2019hair Coiff | Hommes | Femmes<\/h2>\n<p>\t\t\t<a href=\"#\"><br \/>\n\t\t\t\t<svg aria-hidden=\"true\" viewBox=\"0 0 448 512\" xmlns=\"http:\/\/www.w3.org\/2000\/svg\"><path d=\"M148 288h-40c-6.6 0-12-5.4-12-12v-40c0-6.6 5.4-12 12-12h40c6.6 0 12 5.4 12 12v40c0 6.6-5.4 12-12 12zm108-12v-40c0-6.6-5.4-12-12-12h-40c-6.6 0-12 5.4-12 12v40c0 6.6 5.4 12 12 12h40c6.6 0 12-5.4 12-12zm96 0v-40c0-6.6-5.4-12-12-12h-40c-6.6 0-12 5.4-12 12v40c0 6.6 5.4 12 12 12h40c6.6 0 12-5.4 12-12zm-96 96v-40c0-6.6-5.4-12-12-12h-40c-6.6 0-12 5.4-12 12v40c0 6.6 5.4 12 12 12h40c6.6 0 12-5.4 12-12zm-96 0v-40c0-6.6-5.4-12-12-12h-40c-6.6 0-12 5.4-12 12v40c0 6.6 5.4 12 12 12h40c6.6 0 12-5.4 12-12zm192 0v-40c0-6.6-5.4-12-12-12h-40c-6.6 0-12 5.4-12 12v40c0 6.6 5.4 12 12 12h40c6.6 0 12-5.4 12-12zm96-260v352c0 26.5-21.5 48-48 48H48c-26.5 0-48-21.5-48-48V112c0-26.5 21.5-48 48-48h48V12c0-6.6 5.4-12 12-12h40c6.6 0 12 5.4 12 12v52h128V12c0-6.6 5.4-12 12-12h40c6.6 0 12 5.4 12 12v52h48c26.5 0 48 21.5 48 48zm-48 346V160H48v298c0 3.3 2.7 6 6 6h340c3.3 0 6-2.7 6-6z\"><\/path><\/svg><br \/>\n\t\t\t\t\t\tPrendre rendez-vous 0590446743<br \/>\n\t\t\t\t\t<\/a><\/p>\n<h2>Salon de coiffure professionnel en Guadeloupe<\/h2>\n","protected":false},"excerpt":{"rendered":"<p>\u00a0Nos services pour tous Barbershop en Guadeloupe Nous entretenons tous types de barbe, moustache, tous types de cheveux pour vous apporter la meilleure satisfaction possible. Nous sommes \u00e0 l\u2019\u00e9coute de votre besoin pour refl\u00e9ter parfaitement votre id\u00e9e dans la r\u00e9alit\u00e9. Coupe de cheveux en Guadeloupe Obtenir une bonne coupe de cheveux peut pr\u00e9senter de nombreux &hellip;<\/p>\n<p class=\"read-more\"> <a class=\"\" href=\"https:\/\/suphaircoiff.fr\/\"> <span class=\"screen-reader-text\">Home<\/span> Read More &raquo;<\/a><\/p>\n","protected":false},"author":1,"featured_media":0,"parent":0,"menu_order":0,"comment_status":"closed","ping_status":"closed","template":"elementor_header_footer","meta":{"site-sidebar-layout":"no-sidebar","site-content-layout":"","ast-site-content-layout":"full-width-container","site-content-style":"default","site-sidebar-style":"default","ast-global-header-display":"","ast-banner-title-visibility":"","ast-main-header-display":"","ast-hfb-above-header-display":"","ast-hfb-below-header-display":"","ast-hfb-mobile-header-display":"","site-post-title":"disabled","ast-breadcrumbs-content":"","ast-featured-img":"disabled","footer-sml-layout":"","theme-transparent-header-meta":"","adv-header-id-meta":"","stick-header-meta":"","header-above-stick-meta":"","header-main-stick-meta":"","header-below-stick-meta":"","astra-migrate-meta-layouts":"default","ast-page-background-enabled":"default","ast-page-background-meta":{"desktop":{"background-color":"var(--ast-global-color-4)","background-image":"","background-repeat":"repeat","background-position":"center center","background-size":"auto","background-attachment":"scroll","background-type":"","background-media":"","overlay-type":"","overlay-color":"","overlay-gradient":""},"tablet":{"background-color":"","background-image":"","background-repeat":"repeat","background-position":"center center","background-size":"auto","background-attachment":"scroll","background-type":"","background-media":"","overlay-type":"","overlay-color":"","overlay-gradient":""},"mobile":{"background-color":"","background-image":"","background-repeat":"repeat","background-position":"center center","background-size":"auto","background-attachment":"scroll","background-type":"","background-media":"","overlay-type":"","overlay-color":"","overlay-gradient":""}},"ast-content-background-meta":{"desktop":{"background-color":"var(--ast-global-color-5)","background-image":"","background-repeat":"repeat","background-position":"center center","background-size":"auto","background-attachment":"scroll","background-type":"","background-media":"","overlay-type":"","overlay-color":"","overlay-gradient":""},"tablet":{"background-color":"var(--ast-global-color-5)","background-image":"","background-repeat":"repeat","background-position":"center center","background-size":"auto","background-attachment":"scroll","background-type":"","background-media":"","overlay-type":"","overlay-color":"","overlay-gradient":""},"mobile":{"background-color":"var(--ast-global-color-5)","background-image":"","background-repeat":"repeat","background-position":"center center","background-size":"auto","background-attachment":"scroll","background-type":"","background-media":"","overlay-type":"","overlay-color":"","overlay-gradient":""}},"footnotes":""},"_links":{"self":[{"href":"https:\/\/suphaircoiff.fr\/index.php\/wp-json\/wp\/v2\/pages\/116"}],"collection":[{"href":"https:\/\/suphaircoiff.fr\/index.php\/wp-json\/wp\/v2\/pages"}],"about":[{"href":"https:\/\/suphaircoiff.fr\/index.php\/wp-json\/wp\/v2\/types\/page"}],"author":[{"embeddable":true,"href":"https:\/\/suphaircoiff.fr\/index.php\/wp-json\/wp\/v2\/users\/1"}],"replies":[{"embeddable":true,"href":"https:\/\/suphaircoiff.fr\/index.php\/wp-json\/wp\/v2\/comments?post=116"}],"version-history":[{"count":538,"href":"https:\/\/suphaircoiff.fr\/index.php\/wp-json\/wp\/v2\/pages\/116\/revisions"}],"predecessor-version":[{"id":1675,"href":"https:\/\/suphaircoiff.fr\/index.php\/wp-json\/wp\/v2\/pages\/116\/revisions\/1675"}],"wp:attachment":[{"href":"https:\/\/suphaircoiff.fr\/index.php\/wp-json\/wp\/v2\/media?parent=116"}],"curies":[{"name":"wp","href":"https:\/\/api.w.org\/{rel}","templated":true}]}}