{"id":705,"date":"2024-01-25T08:41:51","date_gmt":"2024-01-25T08:41:51","guid":{"rendered":"https:\/\/suphaircoiff.fr\/?page_id=705"},"modified":"2024-02-12T06:17:23","modified_gmt":"2024-02-12T06:17:23","slug":"coloration","status":"publish","type":"page","link":"https:\/\/suphaircoiff.fr\/index.php\/coloration\/","title":{"rendered":"coloration"},"content":{"rendered":"<style>\/*! elementor - v3.18.0 - 08-12-2023 *\/\n.elementor-widget-image{text-align:center}.elementor-widget-image a{display:inline-block}.elementor-widget-image a img[src$=\".svg\"]{width:48px}.elementor-widget-image img{vertical-align:middle;display:inline-block}<\/style>\n<p>\t\t\t\t\t\t\t\t\t\t\t\t<img loading=\"lazy\" decoding=\"async\" width=\"680\" height=\"906\" src=\"https:\/\/suphaircoiff.fr\/wp-content\/uploads\/2024\/01\/p11.jpg\" alt=\"\" srcset=\"https:\/\/suphaircoiff.fr\/wp-content\/uploads\/2024\/01\/p11.jpg 680w, https:\/\/suphaircoiff.fr\/wp-content\/uploads\/2024\/01\/p11-225x300.jpg 225w\" sizes=\"(max-width: 680px) 100vw, 680px\" \/><br \/>\n\t\t\t\t\t\t\t\t\t\t\t\t\t\t\t<img loading=\"lazy\" decoding=\"async\" width=\"672\" height=\"896\" src=\"https:\/\/suphaircoiff.fr\/wp-content\/uploads\/2024\/01\/p12.jpg\" alt=\"\" srcset=\"https:\/\/suphaircoiff.fr\/wp-content\/uploads\/2024\/01\/p12.jpg 672w, https:\/\/suphaircoiff.fr\/wp-content\/uploads\/2024\/01\/p12-225x300.jpg 225w\" sizes=\"(max-width: 672px) 100vw, 672px\" \/><br \/>\n\t\t\t\t\t\t\t\t\t\t\t\t\t\t\t<img loading=\"lazy\" decoding=\"async\" width=\"678\" height=\"904\" src=\"https:\/\/suphaircoiff.fr\/wp-content\/uploads\/2024\/01\/p13.jpg\" alt=\"\" srcset=\"https:\/\/suphaircoiff.fr\/wp-content\/uploads\/2024\/01\/p13.jpg 678w, https:\/\/suphaircoiff.fr\/wp-content\/uploads\/2024\/01\/p13-225x300.jpg 225w\" sizes=\"(max-width: 678px) 100vw, 678px\" \/>\t\t\t\t\t\t\t\t\t\t\t\t\t\t\t<\/p>\n<style>\/*! elementor - v3.18.0 - 08-12-2023 *\/\n.elementor-heading-title{padding:0;margin:0;line-height:1}.elementor-widget-heading .elementor-heading-title[class*=elementor-size-]>a{color:inherit;font-size:inherit;line-height:inherit}.elementor-widget-heading .elementor-heading-title.elementor-size-small{font-size:15px}.elementor-widget-heading .elementor-heading-title.elementor-size-medium{font-size:19px}.elementor-widget-heading .elementor-heading-title.elementor-size-large{font-size:29px}.elementor-widget-heading .elementor-heading-title.elementor-size-xl{font-size:39px}.elementor-widget-heading .elementor-heading-title.elementor-size-xxl{font-size:59px}<\/style>\n<h2>Vous \u00eates \u00e0 la recherche d\u2019une coloration de cheveux en Guadeloupe ?<\/h2>\n<p>Vous \u00eates au bon endroit.\u00a0<\/p>\n<p>Nous offrons une large gamme de services de coloration de cheveux adapt\u00e9s aux besoins individuels.\u00a0<\/p>\n<p>Nous utilisons les techniques les plus r\u00e9centes et innovantes pour la coloration des cheveux avec des colorations permanentes, semi-permanentes, temporaires et demi-permanentes.<\/p>\n<p>Vous pouvez choisir parmi une gamme de services : coloration simple, coloration double, m\u00e8ches et basses lumi\u00e8res, ou combinaison de ces proc\u00e9d\u00e9s.\u00a0<\/p>\n<p>Changer de couleur de cheveux peut compl\u00e8tement transformer votre apparence et renforcer votre confiance en vous. Mais il est essentiel de choisir le bon salon et le bon expert \u00e0 qui confier cette t\u00e2che. Sup\u2019hair Coiff dispose d\u2019une \u00e9quipe d\u2019experts en coloration hautement qualifi\u00e9s qui se consacrent \u00e0 la cr\u00e9ation de looks de coloration \u00e9tonnants et personnalis\u00e9s pour leurs clients.<\/p>\n<h2>Quelle sont les avantages \u00e0 faire une coloration ?<\/h2>\n<ul>\n<li><strong>Am\u00e9liorer votre look<\/strong> : La coloration des cheveux peut am\u00e9liorer l\u2019apparence globale de votre coiffure. Les cheveux color\u00e9s peuvent apporter de la profondeur, de la texture, de la brillance et de la dimension \u00e0 vos cheveux, les rendant plus vibrants et attrayants. De multiples personnalisations s\u2019offrent \u00e0 vous gr\u00e2ce \u00e0 des effets balayage, que ce soit sur cheveux court, cheveux mi-long ou encore cheveux longs.<\/li>\n<li><strong>Cacher les cheveux blancs<\/strong> : Si vous avez des cheveux blancs ou gris qui vous d\u00e9rangent, la coloration peut les cacher facilement. Vous pouvez choisir une couleur qui correspond \u00e0 votre teint et \u00e0 votre style pour un look plus jeune et plus dynamique.<\/li>\n<li><strong>Expression de soi<\/strong> : La coloration des cheveux peut \u00eatre une forme d\u2019expression de soi. Vous pouvez choisir une couleur qui refl\u00e8te votre personnalit\u00e9 ou votre humeur actuelle, ou simplement pour un changement de style, vous sublimer.<\/li>\n<li><strong>Couvrir les dommages<\/strong> : Si votre chevelure a subi des dommages dus \u00e0 des produits chimiques ou \u00e0 des outils de coiffure tel que des s\u00e8che-cheveux ou fer \u00e0 lisser et qu\u2019ils sont secs et cassants, la coloration peut aider \u00e0 couvrir ces dommages et \u00e0 donner \u00e0 vos cheveux un aspect plus sain.<\/li>\n<li><strong>R\u00e9paration des cheveux ab\u00eem\u00e9s<\/strong> : Certaines colorations contiennent des ingr\u00e9dients nourrissants qui peuvent aider \u00e0 r\u00e9parer les cheveux ab\u00eem\u00e9s, en leur apportant une hydratation suppl\u00e9mentaire et en les renfor\u00e7ant.<\/li>\n<li><strong>Dur\u00e9e<\/strong> : Les colorations de cheveux peuvent durer plusieurs semaines, voire plusieurs mois, en fonction de la couleur et de la qualit\u00e9 de la teinture utilis\u00e9e. Cela signifie que vous pouvez profiter d\u2019un nouveau look de mani\u00e8re durable.<\/li>\n<\/ul>\n<p>\t\t\t\t\t\t\t\t\t\t\t\t\t\t\t<img loading=\"lazy\" decoding=\"async\" width=\"674\" height=\"899\" src=\"https:\/\/suphaircoiff.fr\/wp-content\/uploads\/2024\/01\/p14.jpg\" alt=\"\" srcset=\"https:\/\/suphaircoiff.fr\/wp-content\/uploads\/2024\/01\/p14.jpg 674w, https:\/\/suphaircoiff.fr\/wp-content\/uploads\/2024\/01\/p14-225x300.jpg 225w\" sizes=\"(max-width: 674px) 100vw, 674px\" \/><br \/>\n\t\t\t\t\t\t\t\t\t\t\t\t\t\t\t<img loading=\"lazy\" decoding=\"async\" width=\"768\" height=\"1024\" src=\"https:\/\/suphaircoiff.fr\/wp-content\/uploads\/2024\/02\/aqw-768x1024.jpg\" alt=\"\" srcset=\"https:\/\/suphaircoiff.fr\/wp-content\/uploads\/2024\/02\/aqw-768x1024.jpg 768w, https:\/\/suphaircoiff.fr\/wp-content\/uploads\/2024\/02\/aqw-225x300.jpg 225w, https:\/\/suphaircoiff.fr\/wp-content\/uploads\/2024\/02\/aqw-rotated.jpg 950w\" sizes=\"(max-width: 768px) 100vw, 768px\" \/>\t\t\t\t\t\t\t\t\t\t\t\t\t\t\t<\/p>\n<h2>Sup\u2019hair Coiff | Hommes | Femmes<\/h2>\n<p>\t\t\t<a href=\"#\"><br \/>\n\t\t\t\t<svg aria-hidden=\"true\" viewBox=\"0 0 448 512\" xmlns=\"http:\/\/www.w3.org\/2000\/svg\"><path d=\"M148 288h-40c-6.6 0-12-5.4-12-12v-40c0-6.6 5.4-12 12-12h40c6.6 0 12 5.4 12 12v40c0 6.6-5.4 12-12 12zm108-12v-40c0-6.6-5.4-12-12-12h-40c-6.6 0-12 5.4-12 12v40c0 6.6 5.4 12 12 12h40c6.6 0 12-5.4 12-12zm96 0v-40c0-6.6-5.4-12-12-12h-40c-6.6 0-12 5.4-12 12v40c0 6.6 5.4 12 12 12h40c6.6 0 12-5.4 12-12zm-96 96v-40c0-6.6-5.4-12-12-12h-40c-6.6 0-12 5.4-12 12v40c0 6.6 5.4 12 12 12h40c6.6 0 12-5.4 12-12zm-96 0v-40c0-6.6-5.4-12-12-12h-40c-6.6 0-12 5.4-12 12v40c0 6.6 5.4 12 12 12h40c6.6 0 12-5.4 12-12zm192 0v-40c0-6.6-5.4-12-12-12h-40c-6.6 0-12 5.4-12 12v40c0 6.6 5.4 12 12 12h40c6.6 0 12-5.4 12-12zm96-260v352c0 26.5-21.5 48-48 48H48c-26.5 0-48-21.5-48-48V112c0-26.5 21.5-48 48-48h48V12c0-6.6 5.4-12 12-12h40c6.6 0 12 5.4 12 12v52h128V12c0-6.6 5.4-12 12-12h40c6.6 0 12 5.4 12 12v52h48c26.5 0 48 21.5 48 48zm-48 346V160H48v298c0 3.3 2.7 6 6 6h340c3.3 0 6-2.7 6-6z\"><\/path><\/svg><br \/>\n\t\t\t\t\t\tPrendre rendez-vous 0590446743<br \/>\n\t\t\t\t\t<\/a><\/p>\n<h2>Salon de coiffure professionnel en Guadeloupe<\/h2>\n","protected":false},"excerpt":{"rendered":"<p>Vous \u00eates \u00e0 la recherche d\u2019une coloration de cheveux en Guadeloupe ? Vous \u00eates au bon endroit.\u00a0 Nous offrons une large gamme de services de coloration de cheveux adapt\u00e9s aux besoins individuels.\u00a0 Nous utilisons les techniques les plus r\u00e9centes et innovantes pour la coloration des cheveux avec des colorations permanentes, semi-permanentes, temporaires et demi-permanentes. Vous &hellip;<\/p>\n<p class=\"read-more\"> <a class=\"\" href=\"https:\/\/suphaircoiff.fr\/index.php\/coloration\/\"> <span class=\"screen-reader-text\">coloration<\/span> Read More &raquo;<\/a><\/p>\n","protected":false},"author":1,"featured_media":0,"parent":0,"menu_order":0,"comment_status":"closed","ping_status":"closed","template":"","meta":{"site-sidebar-layout":"no-sidebar","site-content-layout":"","ast-site-content-layout":"full-width-container","site-content-style":"default","site-sidebar-style":"default","ast-global-header-display":"","ast-banner-title-visibility":"","ast-main-header-display":"","ast-hfb-above-header-display":"","ast-hfb-below-header-display":"","ast-hfb-mobile-header-display":"","site-post-title":"disabled","ast-breadcrumbs-content":"","ast-featured-img":"disabled","footer-sml-layout":"","theme-transparent-header-meta":"","adv-header-id-meta":"","stick-header-meta":"","header-above-stick-meta":"","header-main-stick-meta":"","header-below-stick-meta":"","astra-migrate-meta-layouts":"default","ast-page-background-enabled":"default","ast-page-background-meta":{"desktop":{"background-color":"var(--ast-global-color-4)","background-image":"","background-repeat":"repeat","background-position":"center center","background-size":"auto","background-attachment":"scroll","background-type":"","background-media":"","overlay-type":"","overlay-color":"","overlay-gradient":""},"tablet":{"background-color":"","background-image":"","background-repeat":"repeat","background-position":"center center","background-size":"auto","background-attachment":"scroll","background-type":"","background-media":"","overlay-type":"","overlay-color":"","overlay-gradient":""},"mobile":{"background-color":"","background-image":"","background-repeat":"repeat","background-position":"center center","background-size":"auto","background-attachment":"scroll","background-type":"","background-media":"","overlay-type":"","overlay-color":"","overlay-gradient":""}},"ast-content-background-meta":{"desktop":{"background-color":"var(--ast-global-color-5)","background-image":"","background-repeat":"repeat","background-position":"center center","background-size":"auto","background-attachment":"scroll","background-type":"","background-media":"","overlay-type":"","overlay-color":"","overlay-gradient":""},"tablet":{"background-color":"var(--ast-global-color-5)","background-image":"","background-repeat":"repeat","background-position":"center center","background-size":"auto","background-attachment":"scroll","background-type":"","background-media":"","overlay-type":"","overlay-color":"","overlay-gradient":""},"mobile":{"background-color":"var(--ast-global-color-5)","background-image":"","background-repeat":"repeat","background-position":"center center","background-size":"auto","background-attachment":"scroll","background-type":"","background-media":"","overlay-type":"","overlay-color":"","overlay-gradient":""}},"footnotes":""},"_links":{"self":[{"href":"https:\/\/suphaircoiff.fr\/index.php\/wp-json\/wp\/v2\/pages\/705"}],"collection":[{"href":"https:\/\/suphaircoiff.fr\/index.php\/wp-json\/wp\/v2\/pages"}],"about":[{"href":"https:\/\/suphaircoiff.fr\/index.php\/wp-json\/wp\/v2\/types\/page"}],"author":[{"embeddable":true,"href":"https:\/\/suphaircoiff.fr\/index.php\/wp-json\/wp\/v2\/users\/1"}],"replies":[{"embeddable":true,"href":"https:\/\/suphaircoiff.fr\/index.php\/wp-json\/wp\/v2\/comments?post=705"}],"version-history":[{"count":85,"href":"https:\/\/suphaircoiff.fr\/index.php\/wp-json\/wp\/v2\/pages\/705\/revisions"}],"predecessor-version":[{"id":1517,"href":"https:\/\/suphaircoiff.fr\/index.php\/wp-json\/wp\/v2\/pages\/705\/revisions\/1517"}],"wp:attachment":[{"href":"https:\/\/suphaircoiff.fr\/index.php\/wp-json\/wp\/v2\/media?parent=705"}],"curies":[{"name":"wp","href":"https:\/\/api.w.org\/{rel}","templated":true}]}}