{"id":783,"date":"2024-01-30T05:45:39","date_gmt":"2024-01-30T05:45:39","guid":{"rendered":"https:\/\/suphaircoiff.fr\/?page_id=783"},"modified":"2024-02-12T06:07:21","modified_gmt":"2024-02-12T06:07:21","slug":"barbershop","status":"publish","type":"page","link":"https:\/\/suphaircoiff.fr\/index.php\/barbershop\/","title":{"rendered":"Barbershop"},"content":{"rendered":"<style>\/*! elementor - v3.18.0 - 08-12-2023 *\/\n.elementor-widget-image{text-align:center}.elementor-widget-image a{display:inline-block}.elementor-widget-image a img[src$=\".svg\"]{width:48px}.elementor-widget-image img{vertical-align:middle;display:inline-block}<\/style>\n<p>\t\t\t\t\t\t\t\t\t\t\t\t<img loading=\"lazy\" decoding=\"async\" width=\"671\" height=\"894\" src=\"https:\/\/suphaircoiff.fr\/wp-content\/uploads\/2024\/01\/p2.jpg\" alt=\"\" srcset=\"https:\/\/suphaircoiff.fr\/wp-content\/uploads\/2024\/01\/p2.jpg 671w, https:\/\/suphaircoiff.fr\/wp-content\/uploads\/2024\/01\/p2-225x300.jpg 225w\" sizes=\"(max-width: 671px) 100vw, 671px\" \/>\t\t\t\t\t\t\t\t\t\t\t\t\t\t\t<\/p>\n<style>\/*! elementor - v3.18.0 - 08-12-2023 *\/\n.elementor-heading-title{padding:0;margin:0;line-height:1}.elementor-widget-heading .elementor-heading-title[class*=elementor-size-]>a{color:inherit;font-size:inherit;line-height:inherit}.elementor-widget-heading .elementor-heading-title.elementor-size-small{font-size:15px}.elementor-widget-heading .elementor-heading-title.elementor-size-medium{font-size:19px}.elementor-widget-heading .elementor-heading-title.elementor-size-large{font-size:29px}.elementor-widget-heading .elementor-heading-title.elementor-size-xl{font-size:39px}.elementor-widget-heading .elementor-heading-title.elementor-size-xxl{font-size:59px}<\/style>\n<h2>Vous cherchez un Barbershop de qualit\u00e9 en Guadeloupe ? Ne cherchez pas plus loin que Sup\u2019hair Coiff.<\/h2>\n<p style=\"margin: 0cm; margin-bottom: .0001pt;\">Avec ses services exceptionnels et son \u00e9quipe de barbiers qualifi\u00e9s, Sup\u2019hair Coiff est la destination de choix pour tous vos besoins en therme de Barbershop (coiffeur homme, coloration cheveux homme et soins pour la barbe).\u00a0<\/p>\n<p style=\"margin: 0cm; margin-bottom: .0001pt;\">Ce qui distingue Sup\u2019hair Coiff des autres salons de coiffure, c\u2019est son engagement \u00e0 fournir des services de qualit\u00e9 sup\u00e9rieure adapt\u00e9s \u00e0 chaque client.<\/p>\n<p>\t\t\t\t\t\t\t\t\t\t\t\t\t\t\t<img loading=\"lazy\" decoding=\"async\" width=\"667\" height=\"889\" src=\"https:\/\/suphaircoiff.fr\/wp-content\/uploads\/2024\/01\/p3.jpg\" alt=\"\" srcset=\"https:\/\/suphaircoiff.fr\/wp-content\/uploads\/2024\/01\/p3.jpg 667w, https:\/\/suphaircoiff.fr\/wp-content\/uploads\/2024\/01\/p3-225x300.jpg 225w\" sizes=\"(max-width: 667px) 100vw, 667px\" \/>\t\t\t\t\t\t\t\t\t\t\t\t\t\t\t<\/p>\n<p style=\"margin: 0cm; margin-bottom: .0001pt;\">Les barbiers hautement qualifi\u00e9s de Sup\u2019hair Coiff sont non seulement des experts en techniques de toilettage traditionnelles, mais ils se tiennent \u00e9galement au courant des derni\u00e8res tendances et des derniers styles dans l\u2019industrie. Ils sont fiers de leur capacit\u00e9 \u00e0 comprendre et \u00e0 r\u00e9pondre aux besoins et pr\u00e9f\u00e9rences sp\u00e9cifiques de chaque client.<\/p>\n<p>\t\t\t\t\t\t\t\t\t\t\t\t\t\t\t<img loading=\"lazy\" decoding=\"async\" width=\"768\" height=\"1024\" src=\"https:\/\/suphaircoiff.fr\/wp-content\/uploads\/2024\/02\/aqw-768x1024.jpg\" alt=\"\" srcset=\"https:\/\/suphaircoiff.fr\/wp-content\/uploads\/2024\/02\/aqw-768x1024.jpg 768w, https:\/\/suphaircoiff.fr\/wp-content\/uploads\/2024\/02\/aqw-225x300.jpg 225w, https:\/\/suphaircoiff.fr\/wp-content\/uploads\/2024\/02\/aqw-rotated.jpg 950w\" sizes=\"(max-width: 768px) 100vw, 768px\" \/>\t\t\t\t\t\t\t\t\t\t\t\t\t\t\t<\/p>\n<h2>Sup\u2019hair Coiff | Hommes | Femmes<\/h2>\n<p>\t\t\t<a href=\"#\"><br \/>\n\t\t\t\t<svg aria-hidden=\"true\" viewBox=\"0 0 448 512\" xmlns=\"http:\/\/www.w3.org\/2000\/svg\"><path d=\"M148 288h-40c-6.6 0-12-5.4-12-12v-40c0-6.6 5.4-12 12-12h40c6.6 0 12 5.4 12 12v40c0 6.6-5.4 12-12 12zm108-12v-40c0-6.6-5.4-12-12-12h-40c-6.6 0-12 5.4-12 12v40c0 6.6 5.4 12 12 12h40c6.6 0 12-5.4 12-12zm96 0v-40c0-6.6-5.4-12-12-12h-40c-6.6 0-12 5.4-12 12v40c0 6.6 5.4 12 12 12h40c6.6 0 12-5.4 12-12zm-96 96v-40c0-6.6-5.4-12-12-12h-40c-6.6 0-12 5.4-12 12v40c0 6.6 5.4 12 12 12h40c6.6 0 12-5.4 12-12zm-96 0v-40c0-6.6-5.4-12-12-12h-40c-6.6 0-12 5.4-12 12v40c0 6.6 5.4 12 12 12h40c6.6 0 12-5.4 12-12zm192 0v-40c0-6.6-5.4-12-12-12h-40c-6.6 0-12 5.4-12 12v40c0 6.6 5.4 12 12 12h40c6.6 0 12-5.4 12-12zm96-260v352c0 26.5-21.5 48-48 48H48c-26.5 0-48-21.5-48-48V112c0-26.5 21.5-48 48-48h48V12c0-6.6 5.4-12 12-12h40c6.6 0 12 5.4 12 12v52h128V12c0-6.6 5.4-12 12-12h40c6.6 0 12 5.4 12 12v52h48c26.5 0 48 21.5 48 48zm-48 346V160H48v298c0 3.3 2.7 6 6 6h340c3.3 0 6-2.7 6-6z\"><\/path><\/svg><br \/>\n\t\t\t\t\t\tPrendre rendez-vous 0590446743<br \/>\n\t\t\t\t\t<\/a><\/p>\n<h2>Salon de coiffure professionnel en Guadeloupe<\/h2>\n","protected":false},"excerpt":{"rendered":"<p>Vous cherchez un Barbershop de qualit\u00e9 en Guadeloupe ? Ne cherchez pas plus loin que Sup\u2019hair Coiff. Avec ses services exceptionnels et son \u00e9quipe de barbiers qualifi\u00e9s, Sup\u2019hair Coiff est la destination de choix pour tous vos besoins en therme de Barbershop (coiffeur homme, coloration cheveux homme et soins pour la barbe).\u00a0 Ce qui distingue &hellip;<\/p>\n<p class=\"read-more\"> <a class=\"\" href=\"https:\/\/suphaircoiff.fr\/index.php\/barbershop\/\"> <span class=\"screen-reader-text\">Barbershop<\/span> Read More &raquo;<\/a><\/p>\n","protected":false},"author":1,"featured_media":0,"parent":0,"menu_order":0,"comment_status":"closed","ping_status":"closed","template":"","meta":{"site-sidebar-layout":"no-sidebar","site-content-layout":"","ast-site-content-layout":"full-width-container","site-content-style":"default","site-sidebar-style":"default","ast-global-header-display":"","ast-banner-title-visibility":"","ast-main-header-display":"","ast-hfb-above-header-display":"","ast-hfb-below-header-display":"","ast-hfb-mobile-header-display":"","site-post-title":"disabled","ast-breadcrumbs-content":"","ast-featured-img":"disabled","footer-sml-layout":"","theme-transparent-header-meta":"","adv-header-id-meta":"","stick-header-meta":"","header-above-stick-meta":"","header-main-stick-meta":"","header-below-stick-meta":"","astra-migrate-meta-layouts":"default","ast-page-background-enabled":"default","ast-page-background-meta":{"desktop":{"background-color":"var(--ast-global-color-4)","background-image":"","background-repeat":"repeat","background-position":"center center","background-size":"auto","background-attachment":"scroll","background-type":"","background-media":"","overlay-type":"","overlay-color":"","overlay-gradient":""},"tablet":{"background-color":"","background-image":"","background-repeat":"repeat","background-position":"center center","background-size":"auto","background-attachment":"scroll","background-type":"","background-media":"","overlay-type":"","overlay-color":"","overlay-gradient":""},"mobile":{"background-color":"","background-image":"","background-repeat":"repeat","background-position":"center center","background-size":"auto","background-attachment":"scroll","background-type":"","background-media":"","overlay-type":"","overlay-color":"","overlay-gradient":""}},"ast-content-background-meta":{"desktop":{"background-color":"var(--ast-global-color-5)","background-image":"","background-repeat":"repeat","background-position":"center center","background-size":"auto","background-attachment":"scroll","background-type":"","background-media":"","overlay-type":"","overlay-color":"","overlay-gradient":""},"tablet":{"background-color":"var(--ast-global-color-5)","background-image":"","background-repeat":"repeat","background-position":"center center","background-size":"auto","background-attachment":"scroll","background-type":"","background-media":"","overlay-type":"","overlay-color":"","overlay-gradient":""},"mobile":{"background-color":"var(--ast-global-color-5)","background-image":"","background-repeat":"repeat","background-position":"center center","background-size":"auto","background-attachment":"scroll","background-type":"","background-media":"","overlay-type":"","overlay-color":"","overlay-gradient":""}},"footnotes":""},"_links":{"self":[{"href":"https:\/\/suphaircoiff.fr\/index.php\/wp-json\/wp\/v2\/pages\/783"}],"collection":[{"href":"https:\/\/suphaircoiff.fr\/index.php\/wp-json\/wp\/v2\/pages"}],"about":[{"href":"https:\/\/suphaircoiff.fr\/index.php\/wp-json\/wp\/v2\/types\/page"}],"author":[{"embeddable":true,"href":"https:\/\/suphaircoiff.fr\/index.php\/wp-json\/wp\/v2\/users\/1"}],"replies":[{"embeddable":true,"href":"https:\/\/suphaircoiff.fr\/index.php\/wp-json\/wp\/v2\/comments?post=783"}],"version-history":[{"count":58,"href":"https:\/\/suphaircoiff.fr\/index.php\/wp-json\/wp\/v2\/pages\/783\/revisions"}],"predecessor-version":[{"id":1480,"href":"https:\/\/suphaircoiff.fr\/index.php\/wp-json\/wp\/v2\/pages\/783\/revisions\/1480"}],"wp:attachment":[{"href":"https:\/\/suphaircoiff.fr\/index.php\/wp-json\/wp\/v2\/media?parent=783"}],"curies":[{"name":"wp","href":"https:\/\/api.w.org\/{rel}","templated":true}]}}