{"id":809,"date":"2024-01-30T06:12:55","date_gmt":"2024-01-30T06:12:55","guid":{"rendered":"https:\/\/suphaircoiff.fr\/?page_id=809"},"modified":"2024-02-12T07:13:05","modified_gmt":"2024-02-12T07:13:05","slug":"coupe-homme","status":"publish","type":"page","link":"https:\/\/suphaircoiff.fr\/index.php\/coupe-homme\/","title":{"rendered":"Coupe Homme"},"content":{"rendered":"<style>\/*! elementor - v3.18.0 - 08-12-2023 *\/\n.elementor-widget-image{text-align:center}.elementor-widget-image a{display:inline-block}.elementor-widget-image a img[src$=\".svg\"]{width:48px}.elementor-widget-image img{vertical-align:middle;display:inline-block}<\/style>\n<p>\t\t\t\t\t\t\t\t\t\t\t\t<img loading=\"lazy\" decoding=\"async\" width=\"665\" height=\"887\" src=\"https:\/\/suphaircoiff.fr\/wp-content\/uploads\/2024\/01\/p5.jpg\" alt=\"\" srcset=\"https:\/\/suphaircoiff.fr\/wp-content\/uploads\/2024\/01\/p5.jpg 665w, https:\/\/suphaircoiff.fr\/wp-content\/uploads\/2024\/01\/p5-225x300.jpg 225w\" sizes=\"(max-width: 665px) 100vw, 665px\" \/>\t\t\t\t\t\t\t\t\t\t\t\t\t\t\t<\/p>\n<style>\/*! elementor - v3.18.0 - 08-12-2023 *\/\n.elementor-heading-title{padding:0;margin:0;line-height:1}.elementor-widget-heading .elementor-heading-title[class*=elementor-size-]>a{color:inherit;font-size:inherit;line-height:inherit}.elementor-widget-heading .elementor-heading-title.elementor-size-small{font-size:15px}.elementor-widget-heading .elementor-heading-title.elementor-size-medium{font-size:19px}.elementor-widget-heading .elementor-heading-title.elementor-size-large{font-size:29px}.elementor-widget-heading .elementor-heading-title.elementor-size-xl{font-size:39px}.elementor-widget-heading .elementor-heading-title.elementor-size-xxl{font-size:59px}<\/style>\n<h2>Sup\u2019hair Coiff : votre barbershop en Guadeloupe<\/h2>\n<p style=\"margin: 0cm; margin-bottom: .0001pt;\">L\u2019une des caract\u00e9ristiques principales de Sup\u2019hair Coiff est son \u00e9quipe de coiffeurs hautement qualifi\u00e9s et exp\u00e9riment\u00e9s. Chaque coiffeur de Sup\u2019hair Coiff a suivi une formation approfondie et poss\u00e8de une connaissance compl\u00e8te des diff\u00e9rents types et styles de cheveux. Que vous recherchiez une coupe de cheveux classique, une d\u00e9coloration \u00e0 la mode ou une coupe de barbe \u00e9l\u00e9gante, les coiffeurs de Sup\u2019hair Coiff ont l\u2019expertise n\u00e9cessaire pour vous offrir des r\u00e9sultats exceptionnels.<\/p>\n<p>En plus de leur expertise, Sup\u2019hair Coiff maintient toujours une ambiance \u00e9l\u00e9gante et accueillante. Le salon de coiffure est con\u00e7u pour cr\u00e9er un environnement confortable et d\u00e9tendu, faisant de votre visite une exp\u00e9rience vraiment agr\u00e9able. D\u00e8s que vous franchissez la porte, vous \u00eates accueilli par un service amical et professionnel.<\/p>\n<p style=\"margin: 0cm; margin-bottom: .0001pt;\">Sup\u2019hair Coiff est fier de n\u2019utiliser que des produits de la plus haute qualit\u00e9 pour ses services. Il travaille exclusivement avec des marques de premier plan, r\u00e9put\u00e9es pour leur performance et leur fiabilit\u00e9. Ainsi, chaque coupe de cheveux, rasage ou taille de barbe que vous recevez chez Sup\u2019hair Coiff n\u2019est pas seulement attrayante sur le plan visuel, mais elle pr\u00e9serve \u00e9galement la sant\u00e9 de vos cheveux et de votre peau.<\/p>\n<p>\t\t\t\t\t\t\t\t\t\t\t\t\t\t\t<img loading=\"lazy\" decoding=\"async\" width=\"659\" height=\"659\" src=\"https:\/\/suphaircoiff.fr\/wp-content\/uploads\/2024\/01\/p4.jpg\" alt=\"\" srcset=\"https:\/\/suphaircoiff.fr\/wp-content\/uploads\/2024\/01\/p4.jpg 659w, https:\/\/suphaircoiff.fr\/wp-content\/uploads\/2024\/01\/p4-300x300.jpg 300w, https:\/\/suphaircoiff.fr\/wp-content\/uploads\/2024\/01\/p4-150x150.jpg 150w\" sizes=\"(max-width: 659px) 100vw, 659px\" \/>\t\t\t\t\t\t\t\t\t\t\t\t\t\t\t<\/p>\n<p style=\"margin: 0cm; margin-bottom: .0001pt;\">Chez Sup\u2019hair Coiff, nous pensons qu\u2019une visite chez le coiffeur doit \u00eatre plus qu\u2019une simple coupe de cheveux. Ce devrait \u00eatre une exp\u00e9rience, un moment de d\u00e9tente et de rajeunissement. C\u2019est pourquoi nous avons cr\u00e9\u00e9 un espace qui allie luxe, confort et style. D\u00e8s votre entr\u00e9e dans notre studio, vous serez accueilli par notre personnel amical qui s\u2019engage \u00e0 faire en sorte que votre visite soit tout \u00e0 fait exceptionnelle.\u00a0<\/p>\n<p style=\"margin: 0cm; margin-bottom: .0001pt;\">\u00a0<\/p>\n<p style=\"margin: 0cm; margin-bottom: .0001pt;\">Notre \u00e9quipe de barbiers talentueux ma\u00eetrise les derni\u00e8res techniques et tendances en mati\u00e8re de soins pour hommes. Que vous soyez \u00e0 la recherche d\u2019une coupe classique, d\u2019une d\u00e9coloration \u00e9l\u00e9gante ou d\u2019une taille de barbe \u00e0 la mode, nos coiffeurs travailleront avec vous pour obtenir le look parfait qui convient \u00e0 votre style et \u00e0 votre personnalit\u00e9. Nous comprenons que chaque client est unique, et nous prenons le temps d\u2019\u00e9couter vos pr\u00e9f\u00e9rences et de vous offrir des recommandations personnalis\u00e9es pour am\u00e9liorer votre exp\u00e9rience de toilettage.\u00a0<\/p>\n<p style=\"margin: 0cm; margin-bottom: .0001pt;\">\u00a0<\/p>\n<p style=\"margin: 0cm; margin-bottom: .0001pt;\">Mais il n\u2019y a pas que la coupe de cheveux chez Sup\u2019hair Coiff. Nous offrons une gamme de services suppl\u00e9mentaires pour compl\u00e9ter votre routine de toilettage. Offrez-vous un rasage \u00e0 la serviette chaude pour vous d\u00e9tendre et vous faire plaisir. Nos coiffeurs utilisent des techniques pr\u00e9cises et des produits de haute qualit\u00e9 pour vous offrir un rasage doux et rafra\u00eechissant qui vous laissera un sentiment de bien-\u00eatre et de rajeunissement.<\/p>\n<h2>Sup\u2019hair Coiff : d\u00e9couvrez notre barbershop en Guadeloupe<\/h2>\n<p>\t\t\t\t\t\t\t\t\t\t\t\t\t\t\t<img loading=\"lazy\" decoding=\"async\" width=\"768\" height=\"1024\" src=\"https:\/\/suphaircoiff.fr\/wp-content\/uploads\/2024\/02\/aqw-768x1024.jpg\" alt=\"\" srcset=\"https:\/\/suphaircoiff.fr\/wp-content\/uploads\/2024\/02\/aqw-768x1024.jpg 768w, https:\/\/suphaircoiff.fr\/wp-content\/uploads\/2024\/02\/aqw-225x300.jpg 225w, https:\/\/suphaircoiff.fr\/wp-content\/uploads\/2024\/02\/aqw-rotated.jpg 950w\" sizes=\"(max-width: 768px) 100vw, 768px\" \/>\t\t\t\t\t\t\t\t\t\t\t\t\t\t\t<\/p>\n<h2>Sup\u2019hair Coiff | Hommes | Femmes<\/h2>\n<p>\t\t\t<a href=\"#\"><br \/>\n\t\t\t\t<svg aria-hidden=\"true\" viewBox=\"0 0 448 512\" xmlns=\"http:\/\/www.w3.org\/2000\/svg\"><path d=\"M148 288h-40c-6.6 0-12-5.4-12-12v-40c0-6.6 5.4-12 12-12h40c6.6 0 12 5.4 12 12v40c0 6.6-5.4 12-12 12zm108-12v-40c0-6.6-5.4-12-12-12h-40c-6.6 0-12 5.4-12 12v40c0 6.6 5.4 12 12 12h40c6.6 0 12-5.4 12-12zm96 0v-40c0-6.6-5.4-12-12-12h-40c-6.6 0-12 5.4-12 12v40c0 6.6 5.4 12 12 12h40c6.6 0 12-5.4 12-12zm-96 96v-40c0-6.6-5.4-12-12-12h-40c-6.6 0-12 5.4-12 12v40c0 6.6 5.4 12 12 12h40c6.6 0 12-5.4 12-12zm-96 0v-40c0-6.6-5.4-12-12-12h-40c-6.6 0-12 5.4-12 12v40c0 6.6 5.4 12 12 12h40c6.6 0 12-5.4 12-12zm192 0v-40c0-6.6-5.4-12-12-12h-40c-6.6 0-12 5.4-12 12v40c0 6.6 5.4 12 12 12h40c6.6 0 12-5.4 12-12zm96-260v352c0 26.5-21.5 48-48 48H48c-26.5 0-48-21.5-48-48V112c0-26.5 21.5-48 48-48h48V12c0-6.6 5.4-12 12-12h40c6.6 0 12 5.4 12 12v52h128V12c0-6.6 5.4-12 12-12h40c6.6 0 12 5.4 12 12v52h48c26.5 0 48 21.5 48 48zm-48 346V160H48v298c0 3.3 2.7 6 6 6h340c3.3 0 6-2.7 6-6z\"><\/path><\/svg><br \/>\n\t\t\t\t\t\tPrendre rendez-vous 0590446743<br \/>\n\t\t\t\t\t<\/a><\/p>\n<h2>Salon de coiffure professionnel en Guadeloupe<\/h2>\n","protected":false},"excerpt":{"rendered":"<p>Sup\u2019hair Coiff : votre barbershop en Guadeloupe L\u2019une des caract\u00e9ristiques principales de Sup\u2019hair Coiff est son \u00e9quipe de coiffeurs hautement qualifi\u00e9s et exp\u00e9riment\u00e9s. Chaque coiffeur de Sup\u2019hair Coiff a suivi une formation approfondie et poss\u00e8de une connaissance compl\u00e8te des diff\u00e9rents types et styles de cheveux. Que vous recherchiez une coupe de cheveux classique, une d\u00e9coloration &hellip;<\/p>\n<p class=\"read-more\"> <a class=\"\" href=\"https:\/\/suphaircoiff.fr\/index.php\/coupe-homme\/\"> <span class=\"screen-reader-text\">Coupe Homme<\/span> Read More &raquo;<\/a><\/p>\n","protected":false},"author":1,"featured_media":0,"parent":0,"menu_order":0,"comment_status":"closed","ping_status":"closed","template":"","meta":{"site-sidebar-layout":"no-sidebar","site-content-layout":"","ast-site-content-layout":"full-width-container","site-content-style":"default","site-sidebar-style":"default","ast-global-header-display":"","ast-banner-title-visibility":"","ast-main-header-display":"","ast-hfb-above-header-display":"","ast-hfb-below-header-display":"","ast-hfb-mobile-header-display":"","site-post-title":"disabled","ast-breadcrumbs-content":"","ast-featured-img":"disabled","footer-sml-layout":"","theme-transparent-header-meta":"","adv-header-id-meta":"","stick-header-meta":"","header-above-stick-meta":"","header-main-stick-meta":"","header-below-stick-meta":"","astra-migrate-meta-layouts":"default","ast-page-background-enabled":"default","ast-page-background-meta":{"desktop":{"background-color":"var(--ast-global-color-4)","background-image":"","background-repeat":"repeat","background-position":"center center","background-size":"auto","background-attachment":"scroll","background-type":"","background-media":"","overlay-type":"","overlay-color":"","overlay-gradient":""},"tablet":{"background-color":"","background-image":"","background-repeat":"repeat","background-position":"center center","background-size":"auto","background-attachment":"scroll","background-type":"","background-media":"","overlay-type":"","overlay-color":"","overlay-gradient":""},"mobile":{"background-color":"","background-image":"","background-repeat":"repeat","background-position":"center center","background-size":"auto","background-attachment":"scroll","background-type":"","background-media":"","overlay-type":"","overlay-color":"","overlay-gradient":""}},"ast-content-background-meta":{"desktop":{"background-color":"var(--ast-global-color-5)","background-image":"","background-repeat":"repeat","background-position":"center center","background-size":"auto","background-attachment":"scroll","background-type":"","background-media":"","overlay-type":"","overlay-color":"","overlay-gradient":""},"tablet":{"background-color":"var(--ast-global-color-5)","background-image":"","background-repeat":"repeat","background-position":"center center","background-size":"auto","background-attachment":"scroll","background-type":"","background-media":"","overlay-type":"","overlay-color":"","overlay-gradient":""},"mobile":{"background-color":"var(--ast-global-color-5)","background-image":"","background-repeat":"repeat","background-position":"center center","background-size":"auto","background-attachment":"scroll","background-type":"","background-media":"","overlay-type":"","overlay-color":"","overlay-gradient":""}},"footnotes":""},"_links":{"self":[{"href":"https:\/\/suphaircoiff.fr\/index.php\/wp-json\/wp\/v2\/pages\/809"}],"collection":[{"href":"https:\/\/suphaircoiff.fr\/index.php\/wp-json\/wp\/v2\/pages"}],"about":[{"href":"https:\/\/suphaircoiff.fr\/index.php\/wp-json\/wp\/v2\/types\/page"}],"author":[{"embeddable":true,"href":"https:\/\/suphaircoiff.fr\/index.php\/wp-json\/wp\/v2\/users\/1"}],"replies":[{"embeddable":true,"href":"https:\/\/suphaircoiff.fr\/index.php\/wp-json\/wp\/v2\/comments?post=809"}],"version-history":[{"count":100,"href":"https:\/\/suphaircoiff.fr\/index.php\/wp-json\/wp\/v2\/pages\/809\/revisions"}],"predecessor-version":[{"id":1660,"href":"https:\/\/suphaircoiff.fr\/index.php\/wp-json\/wp\/v2\/pages\/809\/revisions\/1660"}],"wp:attachment":[{"href":"https:\/\/suphaircoiff.fr\/index.php\/wp-json\/wp\/v2\/media?parent=809"}],"curies":[{"name":"wp","href":"https:\/\/api.w.org\/{rel}","templated":true}]}}