{"id":834,"date":"2024-01-30T06:25:34","date_gmt":"2024-01-30T06:25:34","guid":{"rendered":"https:\/\/suphaircoiff.fr\/?page_id=834"},"modified":"2024-02-12T06:58:32","modified_gmt":"2024-02-12T06:58:32","slug":"soin-de-la-barbe","status":"publish","type":"page","link":"https:\/\/suphaircoiff.fr\/index.php\/soin-de-la-barbe\/","title":{"rendered":"Soin De La Barbe"},"content":{"rendered":"<style>\/*! elementor - v3.18.0 - 08-12-2023 *\/\n.elementor-heading-title{padding:0;margin:0;line-height:1}.elementor-widget-heading .elementor-heading-title[class*=elementor-size-]>a{color:inherit;font-size:inherit;line-height:inherit}.elementor-widget-heading .elementor-heading-title.elementor-size-small{font-size:15px}.elementor-widget-heading .elementor-heading-title.elementor-size-medium{font-size:19px}.elementor-widget-heading .elementor-heading-title.elementor-size-large{font-size:29px}.elementor-widget-heading .elementor-heading-title.elementor-size-xl{font-size:39px}.elementor-widget-heading .elementor-heading-title.elementor-size-xxl{font-size:59px}<\/style>\n<h2>\u00cates-vous un fier propri\u00e9taire de barbe en Guadeloupe ?<\/h2>\n<p>Prendre soin de sa barbe ne se limite pas \u00e0 la laisser pousser. Sans soins appropri\u00e9s, votre barbe peut devenir s\u00e8che, irritante et indisciplin\u00e9e.<\/p>\n<p>Heureusement, il existe des mesures que vous pouvez prendre pour que votre barbe reste belle et agr\u00e9able \u00e0 porter.<\/p>\n<p style=\"margin: 0cm; margin-bottom: .0001pt;\">Si vous \u00eates un homme barbu ou que vous aspirez \u00e0 le devenir, vous savez tr\u00e8s certainement que l\u2019entretien de votre barbe est essentiel pour la garder en bonne sant\u00e9 et belle \u00e0 voir. Les soins pour la barbe sont une pratique courante chez les barbus, mais que se passe-t-il r\u00e9ellement lorsque vous hydratez, tondez, ou utilisez de l\u2019huile \u00e0 barbe. Voici un guide complet qui vous explique tout sur les soins pour la barbe.<\/p>\n<style>\/*! elementor - v3.18.0 - 08-12-2023 *\/\n.elementor-widget-image{text-align:center}.elementor-widget-image a{display:inline-block}.elementor-widget-image a img[src$=\".svg\"]{width:48px}.elementor-widget-image img{vertical-align:middle;display:inline-block}<\/style>\n<p>\t\t\t\t\t\t\t\t\t\t\t\t<img loading=\"lazy\" decoding=\"async\" width=\"714\" height=\"953\" src=\"https:\/\/suphaircoiff.fr\/wp-content\/uploads\/2024\/01\/p6.jpg\" alt=\"\" srcset=\"https:\/\/suphaircoiff.fr\/wp-content\/uploads\/2024\/01\/p6.jpg 714w, https:\/\/suphaircoiff.fr\/wp-content\/uploads\/2024\/01\/p6-225x300.jpg 225w\" sizes=\"(max-width: 714px) 100vw, 714px\" \/>\t\t\t\t\t\t\t\t\t\t\t\t\t\t\t<\/p>\n<p style=\"margin: 0cm; margin-bottom: .0001pt;\">L\u2019utilisation de produits d\u2019entretien de la barbe peut offrir de nombreux avantages pour la sant\u00e9 et l\u2019apparence de vos poils faciaux. Qu\u2019il s\u2019agisse de garder votre barbe propre et hydrat\u00e9e ou d\u2019am\u00e9liorer son apparence g\u00e9n\u00e9rale, ces produits peuvent faire une diff\u00e9rence notable. Donc, si vous avez une barbe ou si vous pr\u00e9voyez d\u2019en faire pousser une, pensez \u00e0 incorporer des produits d\u2019entretien de la barbe dans votre routine de toilettage pour une barbe saine et bien entretenue.<\/p>\n<h2>Pourquoi faire des soins pour la barbe ?<\/h2>\n<p>\t\t\t\t\t\t\t\t\t\t\t\t\t\t\t<img loading=\"lazy\" decoding=\"async\" width=\"760\" height=\"507\" src=\"https:\/\/suphaircoiff.fr\/wp-content\/uploads\/2024\/01\/SUP-HAIR-COIFF.png\" alt=\"\" srcset=\"https:\/\/suphaircoiff.fr\/wp-content\/uploads\/2024\/01\/SUP-HAIR-COIFF.png 760w, https:\/\/suphaircoiff.fr\/wp-content\/uploads\/2024\/01\/SUP-HAIR-COIFF-300x200.png 300w\" sizes=\"(max-width: 760px) 100vw, 760px\" \/>\t\t\t\t\t\t\t\t\t\t\t\t\t\t\t<\/p>\n<h2>Les diff\u00e9rents soins pour la barbe <\/h2>\n<p style=\"margin: 0cm; margin-bottom: .0001pt;\">La pilosit\u00e9 faciale masculine est diff\u00e9rente de celle des cheveux. Les poils de barbe sont naturellement plus secs, \u00e9pais et cassants, mais ils peuvent \u00eatre soyeux et beaux \u00e0 condition qu\u2019ils soient bien entretenus. Tout en utilisant les bons produits, vous pouvez prendre soin de votre barbe et soulager les d\u00e9mangeaisons, les poils rebelles, les irritations, les poils incarn\u00e9s et les peaux mortes qui peuvent affecter la croissance de votre barbe. En mati\u00e8re de soin pour la barbe, il y a plusieurs produits pour vous aider \u00e0 hydrater et \u00e0 nourrir vos poils de barbe, tels que l\u2019huile pour barbe, le baume, la cire et la lotion. Ces produits contiennent des ingr\u00e9dients naturels sp\u00e9cialement con\u00e7us pour la barbe, comme l\u2019huile de ricin, l\u2019huile d\u2019argan, l\u2019huile de jojoba, le beurre de karit\u00e9 et la biotine. L\u2019huile \u00e0 barbe est la base de l\u2019entretien pour les barbus. Elle nourrit et hydrate les poils, l\u2019\u00e9piderme et les follicules pileux. Il est pr\u00e9f\u00e9rable de l\u2019utiliser tous les jours pour garder votre barbe en bonne sant\u00e9. Le baume, quant \u00e0 lui, est comme une cr\u00e8me hydratante pour la barbe. Il a une texture plus \u00e9paisse que celle de l\u2019huile et peut \u00eatre utilis\u00e9 pour adoucir les poils rebelles et laisser votre barbe soyeuse.<\/p>\n<p>\t\t\t\t\t\t\t\t\t\t\t\t\t\t\t<img loading=\"lazy\" decoding=\"async\" width=\"1024\" height=\"576\" src=\"https:\/\/suphaircoiff.fr\/wp-content\/uploads\/2023\/12\/WhatsApp-Image-2023-03-30-at-17.06.59-1-1-1024x576.jpeg\" alt=\"\" srcset=\"https:\/\/suphaircoiff.fr\/wp-content\/uploads\/2023\/12\/WhatsApp-Image-2023-03-30-at-17.06.59-1-1-1024x576.jpeg 1024w, https:\/\/suphaircoiff.fr\/wp-content\/uploads\/2023\/12\/WhatsApp-Image-2023-03-30-at-17.06.59-1-1-300x169.jpeg 300w, https:\/\/suphaircoiff.fr\/wp-content\/uploads\/2023\/12\/WhatsApp-Image-2023-03-30-at-17.06.59-1-1-768x432.jpeg 768w, https:\/\/suphaircoiff.fr\/wp-content\/uploads\/2023\/12\/WhatsApp-Image-2023-03-30-at-17.06.59-1-1-1536x864.jpeg 1536w, https:\/\/suphaircoiff.fr\/wp-content\/uploads\/2023\/12\/WhatsApp-Image-2023-03-30-at-17.06.59-1-1.jpeg 1920w\" sizes=\"(max-width: 1024px) 100vw, 1024px\" \/>\t\t\t\t\t\t\t\t\t\t\t\t\t\t\t<\/p>\n<h2>Sup\u2019hair Coiff | Hommes | Femmes<\/h2>\n<p>\t\t\t<a href=\"#\"><br \/>\n\t\t\t\t<svg aria-hidden=\"true\" viewBox=\"0 0 448 512\" xmlns=\"http:\/\/www.w3.org\/2000\/svg\"><path d=\"M148 288h-40c-6.6 0-12-5.4-12-12v-40c0-6.6 5.4-12 12-12h40c6.6 0 12 5.4 12 12v40c0 6.6-5.4 12-12 12zm108-12v-40c0-6.6-5.4-12-12-12h-40c-6.6 0-12 5.4-12 12v40c0 6.6 5.4 12 12 12h40c6.6 0 12-5.4 12-12zm96 0v-40c0-6.6-5.4-12-12-12h-40c-6.6 0-12 5.4-12 12v40c0 6.6 5.4 12 12 12h40c6.6 0 12-5.4 12-12zm-96 96v-40c0-6.6-5.4-12-12-12h-40c-6.6 0-12 5.4-12 12v40c0 6.6 5.4 12 12 12h40c6.6 0 12-5.4 12-12zm-96 0v-40c0-6.6-5.4-12-12-12h-40c-6.6 0-12 5.4-12 12v40c0 6.6 5.4 12 12 12h40c6.6 0 12-5.4 12-12zm192 0v-40c0-6.6-5.4-12-12-12h-40c-6.6 0-12 5.4-12 12v40c0 6.6 5.4 12 12 12h40c6.6 0 12-5.4 12-12zm96-260v352c0 26.5-21.5 48-48 48H48c-26.5 0-48-21.5-48-48V112c0-26.5 21.5-48 48-48h48V12c0-6.6 5.4-12 12-12h40c6.6 0 12 5.4 12 12v52h128V12c0-6.6 5.4-12 12-12h40c6.6 0 12 5.4 12 12v52h48c26.5 0 48 21.5 48 48zm-48 346V160H48v298c0 3.3 2.7 6 6 6h340c3.3 0 6-2.7 6-6z\"><\/path><\/svg><br \/>\n\t\t\t\t\t\tPrendre rendez-vous 0590446743<br \/>\n\t\t\t\t\t<\/a><\/p>\n<h2>Salon de coiffure professionnel en Guadeloupe<\/h2>\n","protected":false},"excerpt":{"rendered":"<p>\u00cates-vous un fier propri\u00e9taire de barbe en Guadeloupe ? Prendre soin de sa barbe ne se limite pas \u00e0 la laisser pousser. Sans soins appropri\u00e9s, votre barbe peut devenir s\u00e8che, irritante et indisciplin\u00e9e. Heureusement, il existe des mesures que vous pouvez prendre pour que votre barbe reste belle et agr\u00e9able \u00e0 porter. Si vous \u00eates &hellip;<\/p>\n<p class=\"read-more\"> <a class=\"\" href=\"https:\/\/suphaircoiff.fr\/index.php\/soin-de-la-barbe\/\"> <span class=\"screen-reader-text\">Soin De La Barbe<\/span> Read More &raquo;<\/a><\/p>\n","protected":false},"author":1,"featured_media":0,"parent":0,"menu_order":0,"comment_status":"closed","ping_status":"closed","template":"","meta":{"site-sidebar-layout":"no-sidebar","site-content-layout":"","ast-site-content-layout":"full-width-container","site-content-style":"default","site-sidebar-style":"default","ast-global-header-display":"","ast-banner-title-visibility":"","ast-main-header-display":"","ast-hfb-above-header-display":"","ast-hfb-below-header-display":"","ast-hfb-mobile-header-display":"","site-post-title":"disabled","ast-breadcrumbs-content":"","ast-featured-img":"disabled","footer-sml-layout":"","theme-transparent-header-meta":"","adv-header-id-meta":"","stick-header-meta":"","header-above-stick-meta":"","header-main-stick-meta":"","header-below-stick-meta":"","astra-migrate-meta-layouts":"default","ast-page-background-enabled":"default","ast-page-background-meta":{"desktop":{"background-color":"var(--ast-global-color-4)","background-image":"","background-repeat":"repeat","background-position":"center center","background-size":"auto","background-attachment":"scroll","background-type":"","background-media":"","overlay-type":"","overlay-color":"","overlay-gradient":""},"tablet":{"background-color":"","background-image":"","background-repeat":"repeat","background-position":"center center","background-size":"auto","background-attachment":"scroll","background-type":"","background-media":"","overlay-type":"","overlay-color":"","overlay-gradient":""},"mobile":{"background-color":"","background-image":"","background-repeat":"repeat","background-position":"center center","background-size":"auto","background-attachment":"scroll","background-type":"","background-media":"","overlay-type":"","overlay-color":"","overlay-gradient":""}},"ast-content-background-meta":{"desktop":{"background-color":"var(--ast-global-color-5)","background-image":"","background-repeat":"repeat","background-position":"center center","background-size":"auto","background-attachment":"scroll","background-type":"","background-media":"","overlay-type":"","overlay-color":"","overlay-gradient":""},"tablet":{"background-color":"var(--ast-global-color-5)","background-image":"","background-repeat":"repeat","background-position":"center center","background-size":"auto","background-attachment":"scroll","background-type":"","background-media":"","overlay-type":"","overlay-color":"","overlay-gradient":""},"mobile":{"background-color":"var(--ast-global-color-5)","background-image":"","background-repeat":"repeat","background-position":"center center","background-size":"auto","background-attachment":"scroll","background-type":"","background-media":"","overlay-type":"","overlay-color":"","overlay-gradient":""}},"footnotes":""},"_links":{"self":[{"href":"https:\/\/suphaircoiff.fr\/index.php\/wp-json\/wp\/v2\/pages\/834"}],"collection":[{"href":"https:\/\/suphaircoiff.fr\/index.php\/wp-json\/wp\/v2\/pages"}],"about":[{"href":"https:\/\/suphaircoiff.fr\/index.php\/wp-json\/wp\/v2\/types\/page"}],"author":[{"embeddable":true,"href":"https:\/\/suphaircoiff.fr\/index.php\/wp-json\/wp\/v2\/users\/1"}],"replies":[{"embeddable":true,"href":"https:\/\/suphaircoiff.fr\/index.php\/wp-json\/wp\/v2\/comments?post=834"}],"version-history":[{"count":61,"href":"https:\/\/suphaircoiff.fr\/index.php\/wp-json\/wp\/v2\/pages\/834\/revisions"}],"predecessor-version":[{"id":1618,"href":"https:\/\/suphaircoiff.fr\/index.php\/wp-json\/wp\/v2\/pages\/834\/revisions\/1618"}],"wp:attachment":[{"href":"https:\/\/suphaircoiff.fr\/index.php\/wp-json\/wp\/v2\/media?parent=834"}],"curies":[{"name":"wp","href":"https:\/\/api.w.org\/{rel}","templated":true}]}}