{"id":856,"date":"2024-01-30T06:49:53","date_gmt":"2024-01-30T06:49:53","guid":{"rendered":"https:\/\/suphaircoiff.fr\/?page_id=856"},"modified":"2024-02-12T06:20:29","modified_gmt":"2024-02-12T06:20:29","slug":"coloration-barbe-cheveux","status":"publish","type":"page","link":"https:\/\/suphaircoiff.fr\/index.php\/coloration-barbe-cheveux\/","title":{"rendered":"Coloration Barbe\/Cheveux"},"content":{"rendered":"<style>\/*! elementor - v3.18.0 - 08-12-2023 *\/\n.elementor-widget-image{text-align:center}.elementor-widget-image a{display:inline-block}.elementor-widget-image a img[src$=\".svg\"]{width:48px}.elementor-widget-image img{vertical-align:middle;display:inline-block}<\/style>\n<p>\t\t\t\t\t\t\t\t\t\t\t\t<img loading=\"lazy\" decoding=\"async\" width=\"665\" height=\"887\" src=\"https:\/\/suphaircoiff.fr\/wp-content\/uploads\/2024\/01\/p5.jpg\" alt=\"\" srcset=\"https:\/\/suphaircoiff.fr\/wp-content\/uploads\/2024\/01\/p5.jpg 665w, https:\/\/suphaircoiff.fr\/wp-content\/uploads\/2024\/01\/p5-225x300.jpg 225w\" sizes=\"(max-width: 665px) 100vw, 665px\" \/>\t\t\t\t\t\t\t\t\t\t\t\t\t\t\t<\/p>\n<style>\/*! elementor - v3.18.0 - 08-12-2023 *\/\n.elementor-heading-title{padding:0;margin:0;line-height:1}.elementor-widget-heading .elementor-heading-title[class*=elementor-size-]>a{color:inherit;font-size:inherit;line-height:inherit}.elementor-widget-heading .elementor-heading-title.elementor-size-small{font-size:15px}.elementor-widget-heading .elementor-heading-title.elementor-size-medium{font-size:19px}.elementor-widget-heading .elementor-heading-title.elementor-size-large{font-size:29px}.elementor-widget-heading .elementor-heading-title.elementor-size-xl{font-size:39px}.elementor-widget-heading .elementor-heading-title.elementor-size-xxl{font-size:59px}<\/style>\n<h2>Vous en avez assez de votre couleur de cheveux terne et ennuyeuse ? <\/h2>\n<h2>\u00cates-vous pr\u00eat \u00e0 faire une d\u00e9claration audacieuse avec vos cheveux ?<\/h2>\n<p style=\"margin: 0cm; margin-bottom: .0001pt;\">Si vous avez envie de changement et d\u2019exp\u00e9rimenter avec votre couleur de cheveux, la coloration pour hommes en Guadeloupe chez Sup\u2019hair Coiff est peut-\u00eatre ce qu\u2019il vous faut !<\/p>\n<p style=\"margin: 0cm; margin-bottom: .0001pt;\">Si vous avez envie de changement et d\u2019exp\u00e9rimenter avec votre couleur de cheveux, la coloration pour hommes en Guadeloupe chez Sup\u2019hair Coiff est peut-\u00eatre ce qu\u2019il vous faut !<\/p>\n<p>La coloration pour cheveux chez les hommes fonctionne de la m\u00eame mani\u00e8re que chez les femmes.<\/p>\n<p style=\"margin: 0cm; margin-bottom: .0001pt;\">Cela permet de modifier la couleur naturelle des cheveux afin de les teindre, les \u00e9claircir, les foncer ou encore de leur donner des reflets. Les raisons pour colorer ses cheveux peuvent varier, allant de simples envies de changement, jusqu\u2019\u00e0 la n\u00e9cessit\u00e9 de camoufler des cheveux gris ou blancs.<\/p>\n<p>\u00a0<\/p>\n<p>Entretien et maintenance : Il est important de noter que la coloration pour hommes n\u00e9cessite un entretien r\u00e9gulier pour que la couleur reste \u00e9clatante et fra\u00eeche. Discutez avec votre coiffeur de la fr\u00e9quence des retouches ou du rafra\u00eechissement de la couleur. Il vous indiquera \u00e9galement les meilleurs produits \u00e0 utiliser \u00e0 la maison pour pr\u00e9server la sant\u00e9 et l&#8217;\u00e9clat de vos cheveux color\u00e9s.<\/p>\n<p>\t\t\t\t\t\t\t\t\t\t\t\t\t\t\t<img loading=\"lazy\" decoding=\"async\" width=\"768\" height=\"1024\" src=\"https:\/\/suphaircoiff.fr\/wp-content\/uploads\/2024\/02\/aqw-768x1024.jpg\" alt=\"\" srcset=\"https:\/\/suphaircoiff.fr\/wp-content\/uploads\/2024\/02\/aqw-768x1024.jpg 768w, https:\/\/suphaircoiff.fr\/wp-content\/uploads\/2024\/02\/aqw-225x300.jpg 225w, https:\/\/suphaircoiff.fr\/wp-content\/uploads\/2024\/02\/aqw-rotated.jpg 950w\" sizes=\"(max-width: 768px) 100vw, 768px\" \/>\t\t\t\t\t\t\t\t\t\t\t\t\t\t\t<\/p>\n<h2>Sup\u2019hair Coiff | Hommes | Femmes<\/h2>\n<p>\t\t\t<a href=\"#\"><br \/>\n\t\t\t\t<svg aria-hidden=\"true\" viewBox=\"0 0 448 512\" xmlns=\"http:\/\/www.w3.org\/2000\/svg\"><path d=\"M148 288h-40c-6.6 0-12-5.4-12-12v-40c0-6.6 5.4-12 12-12h40c6.6 0 12 5.4 12 12v40c0 6.6-5.4 12-12 12zm108-12v-40c0-6.6-5.4-12-12-12h-40c-6.6 0-12 5.4-12 12v40c0 6.6 5.4 12 12 12h40c6.6 0 12-5.4 12-12zm96 0v-40c0-6.6-5.4-12-12-12h-40c-6.6 0-12 5.4-12 12v40c0 6.6 5.4 12 12 12h40c6.6 0 12-5.4 12-12zm-96 96v-40c0-6.6-5.4-12-12-12h-40c-6.6 0-12 5.4-12 12v40c0 6.6 5.4 12 12 12h40c6.6 0 12-5.4 12-12zm-96 0v-40c0-6.6-5.4-12-12-12h-40c-6.6 0-12 5.4-12 12v40c0 6.6 5.4 12 12 12h40c6.6 0 12-5.4 12-12zm192 0v-40c0-6.6-5.4-12-12-12h-40c-6.6 0-12 5.4-12 12v40c0 6.6 5.4 12 12 12h40c6.6 0 12-5.4 12-12zm96-260v352c0 26.5-21.5 48-48 48H48c-26.5 0-48-21.5-48-48V112c0-26.5 21.5-48 48-48h48V12c0-6.6 5.4-12 12-12h40c6.6 0 12 5.4 12 12v52h128V12c0-6.6 5.4-12 12-12h40c6.6 0 12 5.4 12 12v52h48c26.5 0 48 21.5 48 48zm-48 346V160H48v298c0 3.3 2.7 6 6 6h340c3.3 0 6-2.7 6-6z\"><\/path><\/svg><br \/>\n\t\t\t\t\t\tPrendre rendez-vous 0590446743<br \/>\n\t\t\t\t\t<\/a><\/p>\n<h2>Salon de coiffure professionnel en Guadeloupe<\/h2>\n","protected":false},"excerpt":{"rendered":"<p>Vous en avez assez de votre couleur de cheveux terne et ennuyeuse ? \u00cates-vous pr\u00eat \u00e0 faire une d\u00e9claration audacieuse avec vos cheveux ? Si vous avez envie de changement et d\u2019exp\u00e9rimenter avec votre couleur de cheveux, la coloration pour hommes en Guadeloupe chez Sup\u2019hair Coiff est peut-\u00eatre ce qu\u2019il vous faut ! Si vous &hellip;<\/p>\n<p class=\"read-more\"> <a class=\"\" href=\"https:\/\/suphaircoiff.fr\/index.php\/coloration-barbe-cheveux\/\"> <span class=\"screen-reader-text\">Coloration Barbe\/Cheveux<\/span> Read More &raquo;<\/a><\/p>\n","protected":false},"author":1,"featured_media":0,"parent":0,"menu_order":0,"comment_status":"closed","ping_status":"closed","template":"","meta":{"site-sidebar-layout":"no-sidebar","site-content-layout":"","ast-site-content-layout":"full-width-container","site-content-style":"default","site-sidebar-style":"default","ast-global-header-display":"","ast-banner-title-visibility":"","ast-main-header-display":"","ast-hfb-above-header-display":"","ast-hfb-below-header-display":"","ast-hfb-mobile-header-display":"","site-post-title":"disabled","ast-breadcrumbs-content":"","ast-featured-img":"disabled","footer-sml-layout":"","theme-transparent-header-meta":"","adv-header-id-meta":"","stick-header-meta":"","header-above-stick-meta":"","header-main-stick-meta":"","header-below-stick-meta":"","astra-migrate-meta-layouts":"default","ast-page-background-enabled":"default","ast-page-background-meta":{"desktop":{"background-color":"var(--ast-global-color-4)","background-image":"","background-repeat":"repeat","background-position":"center center","background-size":"auto","background-attachment":"scroll","background-type":"","background-media":"","overlay-type":"","overlay-color":"","overlay-gradient":""},"tablet":{"background-color":"","background-image":"","background-repeat":"repeat","background-position":"center center","background-size":"auto","background-attachment":"scroll","background-type":"","background-media":"","overlay-type":"","overlay-color":"","overlay-gradient":""},"mobile":{"background-color":"","background-image":"","background-repeat":"repeat","background-position":"center center","background-size":"auto","background-attachment":"scroll","background-type":"","background-media":"","overlay-type":"","overlay-color":"","overlay-gradient":""}},"ast-content-background-meta":{"desktop":{"background-color":"var(--ast-global-color-5)","background-image":"","background-repeat":"repeat","background-position":"center center","background-size":"auto","background-attachment":"scroll","background-type":"","background-media":"","overlay-type":"","overlay-color":"","overlay-gradient":""},"tablet":{"background-color":"var(--ast-global-color-5)","background-image":"","background-repeat":"repeat","background-position":"center center","background-size":"auto","background-attachment":"scroll","background-type":"","background-media":"","overlay-type":"","overlay-color":"","overlay-gradient":""},"mobile":{"background-color":"var(--ast-global-color-5)","background-image":"","background-repeat":"repeat","background-position":"center center","background-size":"auto","background-attachment":"scroll","background-type":"","background-media":"","overlay-type":"","overlay-color":"","overlay-gradient":""}},"footnotes":""},"_links":{"self":[{"href":"https:\/\/suphaircoiff.fr\/index.php\/wp-json\/wp\/v2\/pages\/856"}],"collection":[{"href":"https:\/\/suphaircoiff.fr\/index.php\/wp-json\/wp\/v2\/pages"}],"about":[{"href":"https:\/\/suphaircoiff.fr\/index.php\/wp-json\/wp\/v2\/types\/page"}],"author":[{"embeddable":true,"href":"https:\/\/suphaircoiff.fr\/index.php\/wp-json\/wp\/v2\/users\/1"}],"replies":[{"embeddable":true,"href":"https:\/\/suphaircoiff.fr\/index.php\/wp-json\/wp\/v2\/comments?post=856"}],"version-history":[{"count":28,"href":"https:\/\/suphaircoiff.fr\/index.php\/wp-json\/wp\/v2\/pages\/856\/revisions"}],"predecessor-version":[{"id":1523,"href":"https:\/\/suphaircoiff.fr\/index.php\/wp-json\/wp\/v2\/pages\/856\/revisions\/1523"}],"wp:attachment":[{"href":"https:\/\/suphaircoiff.fr\/index.php\/wp-json\/wp\/v2\/media?parent=856"}],"curies":[{"name":"wp","href":"https:\/\/api.w.org\/{rel}","templated":true}]}}