{"id":920,"date":"2024-01-30T08:46:59","date_gmt":"2024-01-30T08:46:59","guid":{"rendered":"https:\/\/suphaircoiff.fr\/?page_id=920"},"modified":"2024-02-12T06:50:22","modified_gmt":"2024-02-12T06:50:22","slug":"meches-et-balayage","status":"publish","type":"page","link":"https:\/\/suphaircoiff.fr\/index.php\/meches-et-balayage\/","title":{"rendered":"Meches et balayage"},"content":{"rendered":"<style>\/*! elementor - v3.18.0 - 08-12-2023 *\/\n.elementor-heading-title{padding:0;margin:0;line-height:1}.elementor-widget-heading .elementor-heading-title[class*=elementor-size-]>a{color:inherit;font-size:inherit;line-height:inherit}.elementor-widget-heading .elementor-heading-title.elementor-size-small{font-size:15px}.elementor-widget-heading .elementor-heading-title.elementor-size-medium{font-size:19px}.elementor-widget-heading .elementor-heading-title.elementor-size-large{font-size:29px}.elementor-widget-heading .elementor-heading-title.elementor-size-xl{font-size:39px}.elementor-widget-heading .elementor-heading-title.elementor-size-xxl{font-size:59px}<\/style>\n<h2>Quelle sont les avantages \u00e0 faire une coloration ?<\/h2>\n<p style=\"margin-top: 0cm;\">Ne cherchez plus ! Il existe une technique de soins capillaires qui gagne en popularit\u00e9 sur l\u2019\u00eele : le balayage et le m\u00e9chage des cheveux. Dites adieu aux frisottis et bonjour aux cheveux soyeux et lisses.\u00a0<\/p>\n<p style=\"margin-top: 0cm;\">Sup\u2019hair Coiff en Guadeloupe, salon de coiffure expert en balayage et m\u00e8che.<\/p>\n<style>\/*! elementor - v3.18.0 - 08-12-2023 *\/\n.elementor-widget-image{text-align:center}.elementor-widget-image a{display:inline-block}.elementor-widget-image a img[src$=\".svg\"]{width:48px}.elementor-widget-image img{vertical-align:middle;display:inline-block}<\/style>\n<p>\t\t\t\t\t\t\t\t\t\t\t\t<img loading=\"lazy\" decoding=\"async\" width=\"750\" height=\"872\" src=\"https:\/\/suphaircoiff.fr\/wp-content\/uploads\/2024\/01\/p15.jpg\" alt=\"\" srcset=\"https:\/\/suphaircoiff.fr\/wp-content\/uploads\/2024\/01\/p15.jpg 750w, https:\/\/suphaircoiff.fr\/wp-content\/uploads\/2024\/01\/p15-258x300.jpg 258w\" sizes=\"(max-width: 750px) 100vw, 750px\" \/>\t\t\t\t\t\t\t\t\t\t\t\t\t\t\t<\/p>\n<p style=\"margin-top: 0cm;\">Le balayage et les m\u00e8ches peuvent apporter une nouvelle dimension \u00e0 votre look capillaire, mais assurez-vous de bien prendre soin de vos cheveux pour maintenir leur sant\u00e9 et leur \u00e9clat.\u00a0<\/p>\n<p style=\"margin-top: 0cm;\">Consultez toujours un professionnel comme Sup\u2019hair Coiff en Guadeloupe, pour obtenir les meilleurs r\u00e9sultats et profitez du processus cr\u00e9atif de transformation de votre chevelure.<\/p>\n<h2>Comment entretenir mes m\u00e8ches ou mon balayage ?<\/h2>\n<p>\t\t\t\t\t\t\t\t\t\t\t\t\t\t\t<img loading=\"lazy\" decoding=\"async\" width=\"645\" height=\"862\" src=\"https:\/\/suphaircoiff.fr\/wp-content\/uploads\/2024\/01\/p16.png\" alt=\"\" srcset=\"https:\/\/suphaircoiff.fr\/wp-content\/uploads\/2024\/01\/p16.png 645w, https:\/\/suphaircoiff.fr\/wp-content\/uploads\/2024\/01\/p16-224x300.png 224w\" sizes=\"(max-width: 645px) 100vw, 645px\" \/>\t\t\t\t\t\t\t\t\t\t\t\t\t\t\t<\/p>\n<p>\u00c9vitez de laver vos cheveux trop souvent, car cela peut causer une d\u00e9coloration plus rapide. Essayez de limiter votre shampooing \u00e0 deux ou trois fois par semaine.<\/p>\n<p>Utilisez des produits capillaires sp\u00e9cialement con\u00e7us pour les cheveux color\u00e9s ou d\u00e9color\u00e9s. Ces produits sont formul\u00e9s pour prot\u00e9ger la couleur et maintenir l\u2019hydratation des cheveux. L\u2019utilisation d\u2019un shampoing a pigment violet est conseill\u00e9 une fois sur eux lavages afin d\u2019\u00e9viter les reflets jaunes.<\/p>\n<p>\u00c9vitez les sources de chaleur trop intense, comme les lisseurs, les fers \u00e0\u00a0friser et les s\u00e8che-cheveux, autant que possible, car la chaleur peut endommager les cheveux color\u00e9s. Si vous devez utiliser un outil de coiffage chauffant, assurez-vous d\u2019appliquer un produit de protection thermique avant.<\/p>\n<p>Prot\u00e9gez vos cheveux du soleil en utilisant un produit capillaire contenant un filtre UV comme un spray.<\/p>\n<p>\u00c9vitez de brosser trop fort vos cheveux mouill\u00e9s, car ils sont plus fragiles et plus susceptibles de se casser. Utilisez plut\u00f4t un peigne \u00e0\u00a0dents larges pour d\u00e9m\u00ealer vos cheveux. Il est recommand\u00e9 d\u2019utiliser un produit cosm\u00e9tique comme une cr\u00e8me sans rin\u00e7age avant de commencer le brossage.<\/p>\n<h2>Balayage et m\u00e8ches en Guadeloupe<\/h2>\n<p>\t\t\t\t\t\t\t\t\t\t\t\t\t\t\t<img loading=\"lazy\" decoding=\"async\" width=\"768\" height=\"1024\" src=\"https:\/\/suphaircoiff.fr\/wp-content\/uploads\/2024\/01\/p17-768x1024.jpg\" alt=\"\" srcset=\"https:\/\/suphaircoiff.fr\/wp-content\/uploads\/2024\/01\/p17-768x1024.jpg 768w, https:\/\/suphaircoiff.fr\/wp-content\/uploads\/2024\/01\/p17-225x300.jpg 225w, https:\/\/suphaircoiff.fr\/wp-content\/uploads\/2024\/01\/p17.jpg 776w\" sizes=\"(max-width: 768px) 100vw, 768px\" \/>\t\t\t\t\t\t\t\t\t\t\t\t\t\t\t<\/p>\n<p>Le balayage de cheveux est une technique de coloration qui consiste \u00e0 \u00e9claircir subtilement certaines m\u00e8ches pour leur donner une apparence plus naturelle et plus lumineuse. Cette technique permet d\u2019obtenir des reflets plus clairs sur les m\u00e8ches s\u00e9lectionn\u00e9es, cr\u00e9ant ainsi un contraste subtil avec les m\u00e8ches plus fonc\u00e9es.<\/p>\n<p>Le balayage peut \u00eatre utilis\u00e9 pour cr\u00e9er des looks naturels et subtils ou plus dramatiques et audacieux. Il peut \u00e9galement \u00eatre utilis\u00e9 pour ajouter de la profondeur et de la texture aux cheveux, en utilisant des nuances de couleurs plus claires ou plus fonc\u00e9es pour donner de la profondeur aux cheveux.<\/p>\n<p>Le balayage est une alternative populaire aux techniques de coloration des cheveux plus traditionnelles telles que les m\u00e8ches ou la coloration. Il permet une coloration plus douce et plus naturelle qui n\u00e9cessite moins d\u2019entretien que d\u2019autres techniques de coloration.En outre, le balayage peut \u00eatre utilis\u00e9 sur tous les types de cheveux court, cheveux mi-longs et cheveux longs. Qu\u2019ils soient lisses, boucl\u00e9s, ondul\u00e9s ou cr\u00e9pus vous pouvez apporter n\u2019importe quels reflets lors de la technique : Cuivr\u00e9, Dor\u00e9, Acajou, Iris\u00e9, Cendr\u00e9.<\/p>\n<p style=\"margin: 0cm; margin-bottom: .0001pt;\">Vous pouvez \u00e9galement choisir la nuance : Brun, ch\u00e2tain fonc\u00e9, ch\u00e2tain, ch\u00e2tain clair, blond fonc\u00e9, blond, blond clair, blond tr\u00e8s clair, jusqu\u2019\u00e0 platine.<\/p>\n<h2>MECHES ET BALAYAGE<\/h2>\n<p>\t\t\t\t\t\t\t\t\t\t\t\t\t\t\t<img loading=\"lazy\" decoding=\"async\" width=\"768\" height=\"1024\" src=\"https:\/\/suphaircoiff.fr\/wp-content\/uploads\/2024\/02\/aqw-768x1024.jpg\" alt=\"\" srcset=\"https:\/\/suphaircoiff.fr\/wp-content\/uploads\/2024\/02\/aqw-768x1024.jpg 768w, https:\/\/suphaircoiff.fr\/wp-content\/uploads\/2024\/02\/aqw-225x300.jpg 225w, https:\/\/suphaircoiff.fr\/wp-content\/uploads\/2024\/02\/aqw-rotated.jpg 950w\" sizes=\"(max-width: 768px) 100vw, 768px\" \/>\t\t\t\t\t\t\t\t\t\t\t\t\t\t\t<\/p>\n<h2>Sup\u2019hair Coiff | Hommes | Femmes<\/h2>\n<p>\t\t\t<a href=\"#\"><br \/>\n\t\t\t\t<svg aria-hidden=\"true\" viewBox=\"0 0 448 512\" xmlns=\"http:\/\/www.w3.org\/2000\/svg\"><path d=\"M148 288h-40c-6.6 0-12-5.4-12-12v-40c0-6.6 5.4-12 12-12h40c6.6 0 12 5.4 12 12v40c0 6.6-5.4 12-12 12zm108-12v-40c0-6.6-5.4-12-12-12h-40c-6.6 0-12 5.4-12 12v40c0 6.6 5.4 12 12 12h40c6.6 0 12-5.4 12-12zm96 0v-40c0-6.6-5.4-12-12-12h-40c-6.6 0-12 5.4-12 12v40c0 6.6 5.4 12 12 12h40c6.6 0 12-5.4 12-12zm-96 96v-40c0-6.6-5.4-12-12-12h-40c-6.6 0-12 5.4-12 12v40c0 6.6 5.4 12 12 12h40c6.6 0 12-5.4 12-12zm-96 0v-40c0-6.6-5.4-12-12-12h-40c-6.6 0-12 5.4-12 12v40c0 6.6 5.4 12 12 12h40c6.6 0 12-5.4 12-12zm192 0v-40c0-6.6-5.4-12-12-12h-40c-6.6 0-12 5.4-12 12v40c0 6.6 5.4 12 12 12h40c6.6 0 12-5.4 12-12zm96-260v352c0 26.5-21.5 48-48 48H48c-26.5 0-48-21.5-48-48V112c0-26.5 21.5-48 48-48h48V12c0-6.6 5.4-12 12-12h40c6.6 0 12 5.4 12 12v52h128V12c0-6.6 5.4-12 12-12h40c6.6 0 12 5.4 12 12v52h48c26.5 0 48 21.5 48 48zm-48 346V160H48v298c0 3.3 2.7 6 6 6h340c3.3 0 6-2.7 6-6z\"><\/path><\/svg><br \/>\n\t\t\t\t\t\tPrendre rendez-vous 0590446743<br \/>\n\t\t\t\t\t<\/a><\/p>\n<h2>Salon de coiffure professionnel en Guadeloupe<\/h2>\n","protected":false},"excerpt":{"rendered":"<p>Quelle sont les avantages \u00e0 faire une coloration ? Ne cherchez plus ! Il existe une technique de soins capillaires qui gagne en popularit\u00e9 sur l\u2019\u00eele : le balayage et le m\u00e9chage des cheveux. Dites adieu aux frisottis et bonjour aux cheveux soyeux et lisses.\u00a0 Sup\u2019hair Coiff en Guadeloupe, salon de coiffure expert en balayage &hellip;<\/p>\n<p class=\"read-more\"> <a class=\"\" href=\"https:\/\/suphaircoiff.fr\/index.php\/meches-et-balayage\/\"> <span class=\"screen-reader-text\">Meches et balayage<\/span> Read More &raquo;<\/a><\/p>\n","protected":false},"author":1,"featured_media":0,"parent":0,"menu_order":0,"comment_status":"closed","ping_status":"closed","template":"","meta":{"site-sidebar-layout":"no-sidebar","site-content-layout":"","ast-site-content-layout":"full-width-container","site-content-style":"default","site-sidebar-style":"default","ast-global-header-display":"","ast-banner-title-visibility":"","ast-main-header-display":"","ast-hfb-above-header-display":"","ast-hfb-below-header-display":"","ast-hfb-mobile-header-display":"","site-post-title":"disabled","ast-breadcrumbs-content":"","ast-featured-img":"disabled","footer-sml-layout":"","theme-transparent-header-meta":"","adv-header-id-meta":"","stick-header-meta":"","header-above-stick-meta":"","header-main-stick-meta":"","header-below-stick-meta":"","astra-migrate-meta-layouts":"default","ast-page-background-enabled":"default","ast-page-background-meta":{"desktop":{"background-color":"var(--ast-global-color-4)","background-image":"","background-repeat":"repeat","background-position":"center center","background-size":"auto","background-attachment":"scroll","background-type":"","background-media":"","overlay-type":"","overlay-color":"","overlay-gradient":""},"tablet":{"background-color":"","background-image":"","background-repeat":"repeat","background-position":"center center","background-size":"auto","background-attachment":"scroll","background-type":"","background-media":"","overlay-type":"","overlay-color":"","overlay-gradient":""},"mobile":{"background-color":"","background-image":"","background-repeat":"repeat","background-position":"center center","background-size":"auto","background-attachment":"scroll","background-type":"","background-media":"","overlay-type":"","overlay-color":"","overlay-gradient":""}},"ast-content-background-meta":{"desktop":{"background-color":"var(--ast-global-color-5)","background-image":"","background-repeat":"repeat","background-position":"center center","background-size":"auto","background-attachment":"scroll","background-type":"","background-media":"","overlay-type":"","overlay-color":"","overlay-gradient":""},"tablet":{"background-color":"var(--ast-global-color-5)","background-image":"","background-repeat":"repeat","background-position":"center center","background-size":"auto","background-attachment":"scroll","background-type":"","background-media":"","overlay-type":"","overlay-color":"","overlay-gradient":""},"mobile":{"background-color":"var(--ast-global-color-5)","background-image":"","background-repeat":"repeat","background-position":"center center","background-size":"auto","background-attachment":"scroll","background-type":"","background-media":"","overlay-type":"","overlay-color":"","overlay-gradient":""}},"footnotes":""},"_links":{"self":[{"href":"https:\/\/suphaircoiff.fr\/index.php\/wp-json\/wp\/v2\/pages\/920"}],"collection":[{"href":"https:\/\/suphaircoiff.fr\/index.php\/wp-json\/wp\/v2\/pages"}],"about":[{"href":"https:\/\/suphaircoiff.fr\/index.php\/wp-json\/wp\/v2\/types\/page"}],"author":[{"embeddable":true,"href":"https:\/\/suphaircoiff.fr\/index.php\/wp-json\/wp\/v2\/users\/1"}],"replies":[{"embeddable":true,"href":"https:\/\/suphaircoiff.fr\/index.php\/wp-json\/wp\/v2\/comments?post=920"}],"version-history":[{"count":61,"href":"https:\/\/suphaircoiff.fr\/index.php\/wp-json\/wp\/v2\/pages\/920\/revisions"}],"predecessor-version":[{"id":1597,"href":"https:\/\/suphaircoiff.fr\/index.php\/wp-json\/wp\/v2\/pages\/920\/revisions\/1597"}],"wp:attachment":[{"href":"https:\/\/suphaircoiff.fr\/index.php\/wp-json\/wp\/v2\/media?parent=920"}],"curies":[{"name":"wp","href":"https:\/\/api.w.org\/{rel}","templated":true}]}}